{"id":9367,"date":"2025-04-22T09:26:08","date_gmt":"2025-04-22T09:26:08","guid":{"rendered":"https:\/\/bornan.sport\/mentions-legales\/"},"modified":"2025-11-30T13:20:05","modified_gmt":"2025-11-30T13:20:05","slug":"mentions-legales","status":"publish","type":"page","link":"https:\/\/bornan.sport\/fr\/mentions-legales\/","title":{"rendered":"Mentions l\u00e9gales"},"content":{"rendered":"\t\t<div data-elementor-type=\"wp-page\" data-elementor-id=\"9367\" class=\"elementor elementor-9367 elementor-1288\" data-elementor-post-type=\"page\">\n\t\t\t\t<div class=\"elementor-element elementor-element-b495125 e-flex e-con-boxed e-con e-parent\" data-id=\"b495125\" data-element_type=\"container\" data-e-type=\"container\">\n\t\t\t\t\t<div class=\"e-con-inner\">\n\t\t\t\t<div class=\"elementor-element elementor-element-89e5c0a elementor-widget elementor-widget-spacer\" data-id=\"89e5c0a\" data-element_type=\"widget\" data-e-type=\"widget\" data-widget_type=\"spacer.default\">\n\t\t\t\t\t\t\t<div class=\"elementor-spacer\">\n\t\t\t<div class=\"elementor-spacer-inner\"><\/div>\n\t\t<\/div>\n\t\t\t\t\t\t<\/div>\n\t\t<div class=\"elementor-element elementor-element-26b5043 e-con-full e-flex e-con e-child\" data-id=\"26b5043\" data-element_type=\"container\" data-e-type=\"container\">\n\t\t\t\t<div class=\"elementor-element elementor-element-19228ef elementor-widget elementor-widget-heading\" data-id=\"19228ef\" data-element_type=\"widget\" data-e-type=\"widget\" data-widget_type=\"heading.default\">\n\t\t\t\t\t<h2 class=\"elementor-heading-title elementor-size-default\">Mentions l\u00e9gales<\/h2>\t\t\t\t<\/div>\n\t\t\t\t<\/div>\n\t\t\t\t\t<\/div>\n\t\t\t\t<\/div>\n\t\t<div class=\"elementor-element elementor-element-05c0d8e e-flex e-con-boxed e-con e-parent\" data-id=\"05c0d8e\" data-element_type=\"container\" data-e-type=\"container\">\n\t\t\t\t\t<div class=\"e-con-inner\">\n\t\t<div class=\"elementor-element elementor-element-c1e168e e-con-full e-flex e-con e-child\" data-id=\"c1e168e\" data-element_type=\"container\" data-e-type=\"container\">\n\t\t\t\t<div class=\"elementor-element elementor-element-0ea931e elementor-widget elementor-widget-text-editor\" data-id=\"0ea931e\" data-element_type=\"widget\" data-e-type=\"widget\" data-widget_type=\"text-editor.default\">\n\t\t\t\t\t\t\t\t\t<p><strong>Nous vous remercions pour votre visite. Nous souhaitons que votre exp\u00e9rience sur notre site soit aussi positive que possible. <\/strong><\/p><p>En acc\u00e9dant \u00e0 nos services, vous d\u00e9clarez \u00eatre majeur et avoir la capacit\u00e9 juridique d&rsquo;agir conform\u00e9ment aux lois applicables dans votre pays de r\u00e9sidence. L&rsquo;acc\u00e8s et la navigation sur ce site web, ainsi que l&rsquo;utilisation de ses services, impliquent l&rsquo;acceptation pleine et expresse de toutes et chacune des pr\u00e9sentes Conditions g\u00e9n\u00e9rales, y compris les \u00e9ventuelles Conditions sp\u00e9cifiques applicables \u00e0 certaines promotions, ainsi que de nos Politiques de confidentialit\u00e9 et de cookies, toutes conformes \u00e0 la r\u00e9glementation en vigueur en mati\u00e8re de protection des donn\u00e9es personnelles. Nous vous recommandons vivement de les lire attentivement afin de comprendre quels types de donn\u00e9es sont collect\u00e9s par le biais de notre site web, \u00e0 quelles fins, et quels sont les droits dont vous disposez en relation avec ces donn\u00e9es.  <\/p><p><strong>1. Informations juridiques<\/strong><\/p><p>Conform\u00e9ment \u00e0 la loi 34\/2002 du 11 juillet sur les services de la soci\u00e9t\u00e9 de l&rsquo;information et le commerce \u00e9lectronique (LSSI), les donn\u00e9es d&rsquo;identification du propri\u00e9taire de ce site Web sont les suivantes :<\/p><p><strong>BORNAN SPORTS TECHNOLOGY, S.L.<\/strong><\/p><p>C\/ Marie Curie, 19, 6\u00e8me \u00e9tage (unit\u00e9s 6.5 et 6.6) &#8211; 28521 Rivas-Vaciamadrid, Madrid, Espagne.<\/p><p>Num\u00e9ro d&rsquo;identification fiscale : B87915419<\/p><p>Inscrit au Registre du Commerce de Madrid, Volume 36419, Page 107, Section 8, Feuille M 654298, Inscription 1 de l&rsquo;ann\u00e9e 2017.<\/p><p>Pour toute question ou demande de renseignements, vous pouvez nous contacter par t\u00e9l\u00e9phone au <strong>+34 910 646 844<\/strong> ou par courriel \u00e0<strong> info@bornan.net<\/strong>.<\/p><p>L&rsquo;acc\u00e8s au site constitue l&rsquo;acceptation expresse par l&rsquo;utilisateur des pr\u00e9sentes conditions g\u00e9n\u00e9rales d&rsquo;utilisation, qui peuvent \u00eatre modifi\u00e9es ou remplac\u00e9es par le propri\u00e9taire du site \u00e0 tout moment et sans pr\u00e9avis.<\/p><p><strong>2. Conditions g\u00e9n\u00e9rales d&rsquo;utilisation<\/strong><\/p><p>Les pr\u00e9sentes conditions g\u00e9n\u00e9rales r\u00e9gissent l&rsquo;utilisation et l&rsquo;acc\u00e8s \u00e0 ce site Web, qui sert de point d&rsquo;entr\u00e9e \u00e0 <strong>BORNAN SPORTS TECHNOLOGY, S.L.<\/strong>, en fournissant aux utilisateurs des informations, des services et des contenus par le biais du Web. Sur ce site, les utilisateurs peuvent acc\u00e9der \u00e0 des informations concernant des produits et services sp\u00e9cifiques, des outils et des applications. <\/p><p>Les donn\u00e9es et les informations concernant les produits ou les services, les prix, les caract\u00e9ristiques ou d&rsquo;autres aspects pertinents mis \u00e0 disposition sur ce site web sont fournies et mises \u00e0 jour par des vendeurs et des fournisseurs tiers. En aucun cas <\/p><p><strong>BORNAN SPORTS TECHNOLOGY, S.L.<\/strong> n&rsquo;est responsable de ces donn\u00e9es ou informations et n&rsquo;assume aucune obligation \u00e0 leur \u00e9gard.<\/p><p>L&rsquo;utilisateur s&rsquo;engage \u00e0 faire un usage appropri\u00e9 du contenu, des services, des applications et des outils accessibles sur le site, sous r\u00e9serve du droit applicable, des pr\u00e9sentes conditions g\u00e9n\u00e9rales d&rsquo;utilisation et, le cas \u00e9ch\u00e9ant, des conditions sp\u00e9cifiques qui peuvent \u00eatre \u00e9tablies pour l&rsquo;acc\u00e8s \u00e0 des services et applications particuliers, en respectant toujours les autres utilisateurs de la plate-forme.<\/p><p>En cas de violation totale ou partielle des pr\u00e9sentes Conditions g\u00e9n\u00e9rales d&rsquo;utilisation par l&rsquo;Utilisateur, <strong>BORNAN SPORTS TECHNOLOGY, S.L.<\/strong> se r\u00e9serve le droit de refuser l&rsquo;acc\u00e8s au site Web sans pr\u00e9avis.<\/p><p><strong>3. Obligations g\u00e9n\u00e9rales de l&rsquo;utilisateur<\/strong><\/p><p>En acceptant les pr\u00e9sentes conditions g\u00e9n\u00e9rales d&rsquo;utilisation, l&rsquo;utilisateur s&rsquo;engage express\u00e9ment \u00e0 :<\/p><p>&#8211; Ne pas entreprendre d&rsquo;action visant \u00e0 endommager, bloquer, surcharger, alt\u00e9rer, d\u00e9sactiver ou interf\u00e9rer de toute autre mani\u00e8re &#8211; que ce soit de mani\u00e8re temporaire ou permanente &#8211; avec les fonctionnalit\u00e9s, les outils, le contenu et\/ou l&rsquo;infrastructure du site web, emp\u00eachant ainsi son fonctionnement normal ou son utilisation.<\/p><p>&#8211; Sauvegarder et maintenir la confidentialit\u00e9 des identifiants d&rsquo;acc\u00e8s associ\u00e9s \u00e0 leur nom d&rsquo;utilisateur, en \u00e9tant pleinement responsable de l&rsquo;utilisation de ces identifiants personnels et non transf\u00e9rables par des tiers.<\/p><p>&#8211; S&rsquo;abstenir de soumettre ou de publier des contenus diffamatoires ou calomnieux, qu&rsquo;ils soient destin\u00e9s \u00e0 d&rsquo;autres utilisateurs ou \u00e0 des entreprises tierces sans rapport avec BORNAN SPORTS TECHNOLOGY, S.L.<\/p><p>&#8211; Ne pas utiliser le mat\u00e9riel ou les informations contenues dans ce site Web \u00e0 des fins illicites ou \u00e0 des fins express\u00e9ment interdites dans les pr\u00e9sentes Conditions g\u00e9n\u00e9rales d&rsquo;utilisation ou dans les Conditions sp\u00e9cifiques qui peuvent s&rsquo;appliquer \u00e0 certaines applications et\/ou utilit\u00e9s, en particulier celles qui peuvent porter atteinte aux droits et aux int\u00e9r\u00eats de BORNAN SPORTS TECHNOLOGY, S.L., de ses Utilisateurs et\/ou de tierces parties.<\/p><p>&#8211; Ne pas offrir ou distribuer des produits ou des services, ni envoyer de la publicit\u00e9 ou des communications commerciales non sollicit\u00e9es \u00e0 d&rsquo;autres utilisateurs et visiteurs de BORNAN SPORTS TECHNOLOGY, S.L.<\/p><p>L&rsquo;Utilisateur est responsable de tous les dommages de toute nature que BORNAN SPORTS TECHNOLOGY, S.L. ou un tiers pourrait subir en raison de la violation par l&rsquo;Utilisateur de l&rsquo;une des obligations d\u00e9coulant des pr\u00e9sentes Conditions g\u00e9n\u00e9rales d&rsquo;utilisation ou des lois applicables en relation avec l&rsquo;acc\u00e8s et\/ou l&rsquo;utilisation du site Web.<\/p><p><strong>4. Propri\u00e9t\u00e9 intellectuelle et industrielle<\/strong><\/p><p>Le site Web, les pages qui le composent et l&rsquo;information ou les \u00e9l\u00e9ments qu&rsquo;il contient (y compris, mais sans s&rsquo;y limiter, les textes, les documents, les photographies, les dessins, les repr\u00e9sentations graphiques), ainsi que les logos, les marques, les noms commerciaux ou autres signes distinctifs, sont prot\u00e9g\u00e9s par des droits de propri\u00e9t\u00e9 intellectuelle ou industrielle dont BORNAN SPORTS TECHNOLOGY, S.L. est titulaire ou dont l&rsquo;utilisation et la communication publique ont \u00e9t\u00e9 d\u00fbment autoris\u00e9es par les d\u00e9tenteurs l\u00e9gitimes.<\/p><p>L&rsquo;utilisateur s&rsquo;engage \u00e0 utiliser le contenu de mani\u00e8re diligente et correcte, conform\u00e9ment \u00e0 la loi, \u00e0 la morale et \u00e0 l&rsquo;ordre public. BORNAN SPORTS TECHNOLOGY, S.L. <\/p><p>autorise l&rsquo;utilisateur \u00e0 consulter l&rsquo;information contenue sur ce site Web et \u00e0 r\u00e9aliser des copies priv\u00e9es (c&rsquo;est-\u00e0-dire t\u00e9l\u00e9charger et stocker le contenu sur leurs syst\u00e8mes personnels), \u00e0 condition que ces actions soient exclusivement destin\u00e9es \u00e0 un usage personnel. En aucun cas, cela n&rsquo;implique une quelconque forme d&rsquo;autorisation ou de licence d&rsquo;utilisation des droits de propri\u00e9t\u00e9 intellectuelle de BORNAN SPORTS TECHNOLOGY, S.L. ou de ses ayants droit. <\/p><p>L&rsquo;utilisateur n&rsquo;est pas autoris\u00e9 \u00e0 distribuer, modifier, c\u00e9der ou communiquer publiquement les informations contenues sur ce site web, sous quelque forme et \u00e0 quelque fin que ce soit.<\/p><p>Pour nous faire part de vos pr\u00e9occupations ou d&rsquo;\u00e9ventuelles violations des droits de propri\u00e9t\u00e9 intellectuelle ou industrielle, ou concernant l&rsquo;un des contenus du site web, les utilisateurs peuvent nous contacter aux adresses postales ou \u00e9lectroniques indiqu\u00e9es dans l&rsquo;en-t\u00eate du pr\u00e9sent document.<\/p><p><strong>5. Liens<\/strong><\/p><p>Les liens et les connexions vers des sites ou des pages Web de tiers sont fournis uniquement pour la commodit\u00e9 de l&rsquo;utilisateur. <strong>BORNAN SPORTS TECHNOLOGY, S.L.<\/strong> n&rsquo;assume aucune responsabilit\u00e9 quant \u00e0 ces liens ou \u00e0 leur contenu.<\/p><p><strong>BORNAN SPORTS TECHNOLOGY, S.L.<\/strong> n&rsquo;est pas responsable des cons\u00e9quences r\u00e9sultant de l&rsquo;existence de liens entre le contenu de ce site et des contenus situ\u00e9s en dehors de celui-ci, ni de la mention de contenus externes. Ces liens ou r\u00e9f\u00e9rences sont fournis \u00e0 titre informatif uniquement et n&rsquo;impliquent en aucun cas une approbation, une commercialisation ou une relation de quelque nature que ce soit entre <strong>BORNAN SPORTS TECHNOLOGY, S.L.<\/strong> et les personnes ou entit\u00e9s qui r\u00e9digent ou g\u00e8rent ces contenus, ou les propri\u00e9taires des sites Web o\u00f9 se trouvent ces contenus. <\/p><p>La cr\u00e9ation de liens vers ce site web n\u00e9cessite l&rsquo;autorisation \u00e9crite pr\u00e9alable du propri\u00e9taire du site.<\/p><p><strong>6. Responsabilit\u00e9<\/strong><\/p><p><strong>BORNAN SPORTS TECHNOLOGY, S.L.<\/strong> ne garantit pas l&rsquo;acc\u00e8s continu au site Web, ni l&rsquo;affichage, le t\u00e9l\u00e9chargement ou l&rsquo;utilit\u00e9 des \u00e9l\u00e9ments et de l&rsquo;information contenus dans le portail, qui peuvent \u00eatre entrav\u00e9s, g\u00ean\u00e9s ou interrompus par des facteurs ou des circonstances ind\u00e9pendants de sa volont\u00e9 ou de son contr\u00f4le, y compris ceux caus\u00e9s par la pr\u00e9sence de virus informatiques sur Internet.<\/p><p><strong>BORNAN SPORTS TECHNOLOGY, S.L.<\/strong> d\u00e9cline toute responsabilit\u00e9 en cas de dommages, pertes, r\u00e9clamations ou d\u00e9penses pouvant r\u00e9sulter de ce qui suit :<\/p><p>(i) Interf\u00e9rences, interruptions, d\u00e9faillances, omissions, retards, blocages ou d\u00e9connexions caus\u00e9s par des erreurs dans les lignes ou r\u00e9seaux de t\u00e9l\u00e9communications, ou par toute autre cause \u00e9chappant au contr\u00f4le de <strong>BORNAN SPORTS TECHNOLOGY, S.L.<\/strong>; (ii) Intrusions non autoris\u00e9es par l&rsquo;utilisation de logiciels malveillants de toute nature et par tout moyen de communication, tels que des virus informatiques ou autres(ii) Intrusions non autoris\u00e9es par l&rsquo;utilisation de logiciels malveillants de toute nature et par tout moyen de communication, tels que des virus informatiques ou autres ; (iii) Utilisation incorrecte ou inappropri\u00e9e du site Web de <strong>BORNAN SPORTS TECHNOLOGY, S.L.<\/strong>; (iv) Erreurs de s\u00e9curit\u00e9 ou de navigation r\u00e9sultant d&rsquo;un mauvais fonctionnement du navigateur ou de l&rsquo;utilisation de versions obsol\u00e8tes de celui-ci.  <\/p><p><strong>BORNAN SPORTS TECHNOLOGY, S.L.<\/strong> ne sera en aucun cas responsable, devant les utilisateurs ou des tiers, des actes r\u00e9alis\u00e9s par des tiers non li\u00e9s \u00e0 <strong>BORNAN SPORTS TECHNOLOGY, S.L.<\/strong> pouvant entra\u00eener une concurrence d\u00e9loyale, une publicit\u00e9 illicite, une violation des droits de propri\u00e9t\u00e9 intellectuelle ou industrielle, une violation des secrets commerciaux, des obligations contractuelles de toute nature ou une violation des droits \u00e0 l&rsquo;honneur, \u00e0 l&rsquo;intimit\u00e9 personnelle et familiale, \u00e0 l&rsquo;image, aux droits de propri\u00e9t\u00e9 ou \u00e0 tout autre droit appartenant \u00e0 un tiers, d\u00e9coulant de la transmission, de la diffusion, du stockage, de la disponibilit\u00e9, de la r\u00e9ception, de l&rsquo;acquisition ou de l&rsquo;acc\u00e8s \u00e0 des contenus.<\/p><p><strong>7. Protection des donn\u00e9es personnelles<\/strong><\/p><p>L&rsquo;ensemble de la politique relative au traitement des donn\u00e9es \u00e0 caract\u00e8re personnel se trouve dans notre <strong>politique de confidentialit\u00e9<\/strong>, qui fait partie int\u00e9grante des pr\u00e9sentes conditions g\u00e9n\u00e9rales, mais qui est pr\u00e9sent\u00e9e dans un document distinct pour en faciliter la consultation : <strong>Politique de confidentialit\u00e9<\/strong>.<\/p><p><strong>8. Droit applicable<\/strong><\/p><p>Le pr\u00e9sent avis juridique et ses conditions g\u00e9n\u00e9rales sont r\u00e9gis et interpr\u00e9t\u00e9s conform\u00e9ment \u00e0 la <strong>l\u00e9gislation espagnole<\/strong>. Tout litige d\u00e9coulant de ces conditions ou li\u00e9 \u00e0 celles-ci sera soumis \u00e0 la juridiction des <strong>cours et tribunaux comp\u00e9tents<\/strong>. <\/p><p>En acc\u00e9dant au site Web ou en devenant un utilisateur enregistr\u00e9, l&rsquo;utilisateur <strong>accepte irr\u00e9vocablement<\/strong> la juridiction des tribunaux comp\u00e9tents par d\u00e9faut pour conna\u00eetre de toute action l\u00e9gale d\u00e9riv\u00e9e ou li\u00e9e \u00e0 ces conditions, ou \u00e0 l&rsquo;utilisation ou \u00e0 la navigation sur ce site Web.<\/p><p>Si une clause ou une disposition des pr\u00e9sentes conditions g\u00e9n\u00e9rales, <strong>qui n&rsquo;est pas essentielle \u00e0 leur existence<\/strong>, est d\u00e9clar\u00e9e nulle ou inapplicable, cette d\u00e9claration n&rsquo;affectera pas la validit\u00e9 ou l&rsquo;applicabilit\u00e9 des autres clauses.<\/p><p><strong>9. Syst\u00e8me de d\u00e9nonciation<\/strong><\/p><p>Veuillez appuyer sur le lien ci-dessous pour plus d&rsquo;informations.<\/p><p><a href=\"https:\/\/centinela.lefebvre.es\/public\/concept\/1719300?access=AEAuBoQdRev4pij4uTtlv5buMpyn8opJ%2BLTKIImT6mc%3D\" target=\"_blank\" rel=\"noopener\">Lien vers le syst\u00e8me de d\u00e9nonciation<\/a><\/p>\t\t\t\t\t\t\t\t<\/div>\n\t\t\t\t<\/div>\n\t\t\t\t\t<\/div>\n\t\t\t\t<\/div>\n\t\t\t\t<\/div>\n\t\t","protected":false},"excerpt":{"rendered":"<p>Mentions l\u00e9gales Nous vous remercions pour votre visite. Nous souhaitons que votre exp\u00e9rience sur notre site soit aussi positive que possible. En acc\u00e9dant \u00e0 nos services, vous d\u00e9clarez \u00eatre majeur et avoir la capacit\u00e9 juridique d&rsquo;agir conform\u00e9ment aux lois applicables dans votre pays de r\u00e9sidence. L&rsquo;acc\u00e8s et la navigation sur ce site web, ainsi que [&hellip;]<\/p>\n","protected":false},"author":1,"featured_media":0,"parent":0,"menu_order":0,"comment_status":"closed","ping_status":"closed","template":"","meta":{"footnotes":""},"class_list":["post-9367","page","type-page","status-publish","hentry"],"yoast_head":"<!-- This site is optimized with the Yoast SEO plugin v27.4 - https:\/\/yoast.com\/product\/yoast-seo-wordpress\/ -->\n<title>Mentions l\u00e9gales - BORNAN - Technologie du sport<\/title>\n<meta name=\"robots\" content=\"index, follow, max-snippet:-1, max-image-preview:large, max-video-preview:-1\" \/>\n<link rel=\"canonical\" href=\"https:\/\/bornan.sport\/fr\/mentions-legales\/\" \/>\n<meta property=\"og:locale\" content=\"fr_FR\" \/>\n<meta property=\"og:type\" content=\"article\" \/>\n<meta property=\"og:title\" content=\"Mentions l\u00e9gales - BORNAN - Technologie du sport\" \/>\n<meta property=\"og:description\" content=\"Mentions l\u00e9gales Nous vous remercions pour votre visite. Nous souhaitons que votre exp\u00e9rience sur notre site soit aussi positive que possible. En acc\u00e9dant \u00e0 nos services, vous d\u00e9clarez \u00eatre majeur et avoir la capacit\u00e9 juridique d&rsquo;agir conform\u00e9ment aux lois applicables dans votre pays de r\u00e9sidence. L&rsquo;acc\u00e8s et la navigation sur ce site web, ainsi que [&hellip;]\" \/>\n<meta property=\"og:url\" content=\"https:\/\/bornan.sport\/fr\/mentions-legales\/\" \/>\n<meta property=\"og:site_name\" content=\"BORNAN - Technologie du sport\" \/>\n<meta property=\"article:publisher\" content=\"https:\/\/www.facebook.com\/bornansportstechnology\/\" \/>\n<meta property=\"article:modified_time\" content=\"2025-11-30T13:20:05+00:00\" \/>\n<meta name=\"twitter:card\" content=\"summary_large_image\" \/>\n<meta name=\"twitter:site\" content=\"@BornanSportsIT\" \/>\n<meta name=\"twitter:label1\" content=\"Dur\u00e9e de lecture estim\u00e9e\" \/>\n\t<meta name=\"twitter:data1\" content=\"9 minutes\" \/>\n<script type=\"application\/ld+json\" class=\"yoast-schema-graph\">{\"@context\":\"https:\\\/\\\/schema.org\",\"@graph\":[{\"@type\":\"WebPage\",\"@id\":\"https:\\\/\\\/bornan.sport\\\/fr\\\/mentions-legales\\\/\",\"url\":\"https:\\\/\\\/bornan.sport\\\/fr\\\/mentions-legales\\\/\",\"name\":\"Mentions l\u00e9gales - BORNAN - Technologie du sport\",\"isPartOf\":{\"@id\":\"https:\\\/\\\/bornan.sport\\\/#website\"},\"datePublished\":\"2025-04-22T09:26:08+00:00\",\"dateModified\":\"2025-11-30T13:20:05+00:00\",\"breadcrumb\":{\"@id\":\"https:\\\/\\\/bornan.sport\\\/fr\\\/mentions-legales\\\/#breadcrumb\"},\"inLanguage\":\"fr-FR\",\"potentialAction\":[{\"@type\":\"ReadAction\",\"target\":[\"https:\\\/\\\/bornan.sport\\\/fr\\\/mentions-legales\\\/\"]}]},{\"@type\":\"BreadcrumbList\",\"@id\":\"https:\\\/\\\/bornan.sport\\\/fr\\\/mentions-legales\\\/#breadcrumb\",\"itemListElement\":[{\"@type\":\"ListItem\",\"position\":1,\"name\":\"Home\",\"item\":\"https:\\\/\\\/bornan.sport\\\/fr\\\/accueil\\\/\"},{\"@type\":\"ListItem\",\"position\":2,\"name\":\"Mentions l\u00e9gales\"}]},{\"@type\":\"WebSite\",\"@id\":\"https:\\\/\\\/bornan.sport\\\/#website\",\"url\":\"https:\\\/\\\/bornan.sport\\\/\",\"name\":\"BORNAN - Sports Technology\",\"description\":\"\",\"publisher\":{\"@id\":\"https:\\\/\\\/bornan.sport\\\/#organization\"},\"potentialAction\":[{\"@type\":\"SearchAction\",\"target\":{\"@type\":\"EntryPoint\",\"urlTemplate\":\"https:\\\/\\\/bornan.sport\\\/?s={search_term_string}\"},\"query-input\":{\"@type\":\"PropertyValueSpecification\",\"valueRequired\":true,\"valueName\":\"search_term_string\"}}],\"inLanguage\":\"fr-FR\"},{\"@type\":\"Organization\",\"@id\":\"https:\\\/\\\/bornan.sport\\\/#organization\",\"name\":\"BORNAN - Sports Technology\",\"url\":\"https:\\\/\\\/bornan.sport\\\/\",\"logo\":{\"@type\":\"ImageObject\",\"inLanguage\":\"fr-FR\",\"@id\":\"https:\\\/\\\/bornan.sport\\\/#\\\/schema\\\/logo\\\/image\\\/\",\"url\":\"https:\\\/\\\/bornan.sport\\\/wp-content\\\/uploads\\\/2025\\\/04\\\/bornan-dark.png\",\"contentUrl\":\"https:\\\/\\\/bornan.sport\\\/wp-content\\\/uploads\\\/2025\\\/04\\\/bornan-dark.png\",\"width\":92,\"height\":64,\"caption\":\"BORNAN - Sports Technology\"},\"image\":{\"@id\":\"https:\\\/\\\/bornan.sport\\\/#\\\/schema\\\/logo\\\/image\\\/\"},\"sameAs\":[\"https:\\\/\\\/www.facebook.com\\\/bornansportstechnology\\\/\",\"https:\\\/\\\/x.com\\\/BornanSportsIT\",\"https:\\\/\\\/www.instagram.com\\\/bornansportstechnology\\\/\",\"https:\\\/\\\/www.linkedin.com\\\/company\\\/bornan\\\/\"]}]}<\/script>\n<!-- \/ Yoast SEO plugin. -->","yoast_head_json":{"title":"Mentions l\u00e9gales - BORNAN - Technologie du sport","robots":{"index":"index","follow":"follow","max-snippet":"max-snippet:-1","max-image-preview":"max-image-preview:large","max-video-preview":"max-video-preview:-1"},"canonical":"https:\/\/bornan.sport\/fr\/mentions-legales\/","og_locale":"fr_FR","og_type":"article","og_title":"Mentions l\u00e9gales - BORNAN - Technologie du sport","og_description":"Mentions l\u00e9gales Nous vous remercions pour votre visite. Nous souhaitons que votre exp\u00e9rience sur notre site soit aussi positive que possible. En acc\u00e9dant \u00e0 nos services, vous d\u00e9clarez \u00eatre majeur et avoir la capacit\u00e9 juridique d&rsquo;agir conform\u00e9ment aux lois applicables dans votre pays de r\u00e9sidence. L&rsquo;acc\u00e8s et la navigation sur ce site web, ainsi que [&hellip;]","og_url":"https:\/\/bornan.sport\/fr\/mentions-legales\/","og_site_name":"BORNAN - Technologie du sport","article_publisher":"https:\/\/www.facebook.com\/bornansportstechnology\/","article_modified_time":"2025-11-30T13:20:05+00:00","twitter_card":"summary_large_image","twitter_site":"@BornanSportsIT","twitter_misc":{"Dur\u00e9e de lecture estim\u00e9e":"9 minutes"},"schema":{"@context":"https:\/\/schema.org","@graph":[{"@type":"WebPage","@id":"https:\/\/bornan.sport\/fr\/mentions-legales\/","url":"https:\/\/bornan.sport\/fr\/mentions-legales\/","name":"Mentions l\u00e9gales - BORNAN - Technologie du sport","isPartOf":{"@id":"https:\/\/bornan.sport\/#website"},"datePublished":"2025-04-22T09:26:08+00:00","dateModified":"2025-11-30T13:20:05+00:00","breadcrumb":{"@id":"https:\/\/bornan.sport\/fr\/mentions-legales\/#breadcrumb"},"inLanguage":"fr-FR","potentialAction":[{"@type":"ReadAction","target":["https:\/\/bornan.sport\/fr\/mentions-legales\/"]}]},{"@type":"BreadcrumbList","@id":"https:\/\/bornan.sport\/fr\/mentions-legales\/#breadcrumb","itemListElement":[{"@type":"ListItem","position":1,"name":"Home","item":"https:\/\/bornan.sport\/fr\/accueil\/"},{"@type":"ListItem","position":2,"name":"Mentions l\u00e9gales"}]},{"@type":"WebSite","@id":"https:\/\/bornan.sport\/#website","url":"https:\/\/bornan.sport\/","name":"BORNAN - Sports Technology","description":"","publisher":{"@id":"https:\/\/bornan.sport\/#organization"},"potentialAction":[{"@type":"SearchAction","target":{"@type":"EntryPoint","urlTemplate":"https:\/\/bornan.sport\/?s={search_term_string}"},"query-input":{"@type":"PropertyValueSpecification","valueRequired":true,"valueName":"search_term_string"}}],"inLanguage":"fr-FR"},{"@type":"Organization","@id":"https:\/\/bornan.sport\/#organization","name":"BORNAN - Sports Technology","url":"https:\/\/bornan.sport\/","logo":{"@type":"ImageObject","inLanguage":"fr-FR","@id":"https:\/\/bornan.sport\/#\/schema\/logo\/image\/","url":"https:\/\/bornan.sport\/wp-content\/uploads\/2025\/04\/bornan-dark.png","contentUrl":"https:\/\/bornan.sport\/wp-content\/uploads\/2025\/04\/bornan-dark.png","width":92,"height":64,"caption":"BORNAN - Sports Technology"},"image":{"@id":"https:\/\/bornan.sport\/#\/schema\/logo\/image\/"},"sameAs":["https:\/\/www.facebook.com\/bornansportstechnology\/","https:\/\/x.com\/BornanSportsIT","https:\/\/www.instagram.com\/bornansportstechnology\/","https:\/\/www.linkedin.com\/company\/bornan\/"]}]}},"_links":{"self":[{"href":"https:\/\/bornan.sport\/fr\/wp-json\/wp\/v2\/pages\/9367","targetHints":{"allow":["GET"]}}],"collection":[{"href":"https:\/\/bornan.sport\/fr\/wp-json\/wp\/v2\/pages"}],"about":[{"href":"https:\/\/bornan.sport\/fr\/wp-json\/wp\/v2\/types\/page"}],"author":[{"embeddable":true,"href":"https:\/\/bornan.sport\/fr\/wp-json\/wp\/v2\/users\/1"}],"replies":[{"embeddable":true,"href":"https:\/\/bornan.sport\/fr\/wp-json\/wp\/v2\/comments?post=9367"}],"version-history":[{"count":4,"href":"https:\/\/bornan.sport\/fr\/wp-json\/wp\/v2\/pages\/9367\/revisions"}],"predecessor-version":[{"id":9543,"href":"https:\/\/bornan.sport\/fr\/wp-json\/wp\/v2\/pages\/9367\/revisions\/9543"}],"wp:attachment":[{"href":"https:\/\/bornan.sport\/fr\/wp-json\/wp\/v2\/media?parent=9367"}],"curies":[{"name":"wp","href":"https:\/\/api.w.org\/{rel}","templated":true}]}}