{"id":9366,"date":"2025-04-22T09:23:23","date_gmt":"2025-04-22T09:23:23","guid":{"rendered":"https:\/\/bornan.sport\/politique-relative-aux-cookies\/"},"modified":"2025-12-04T10:25:10","modified_gmt":"2025-12-04T10:25:10","slug":"politique-relative-aux-cookies","status":"publish","type":"page","link":"https:\/\/bornan.sport\/fr\/politique-relative-aux-cookies\/","title":{"rendered":"Politique relative aux cookies"},"content":{"rendered":"\t\t<div data-elementor-type=\"wp-page\" data-elementor-id=\"9366\" class=\"elementor elementor-9366 elementor-1281\" data-elementor-post-type=\"page\">\n\t\t\t\t<div class=\"elementor-element elementor-element-181f6339 e-flex e-con-boxed e-con e-parent\" data-id=\"181f6339\" data-element_type=\"container\" data-e-type=\"container\">\n\t\t\t\t\t<div class=\"e-con-inner\">\n\t\t\t\t<div class=\"elementor-element elementor-element-2bb658c2 elementor-widget elementor-widget-spacer\" data-id=\"2bb658c2\" data-element_type=\"widget\" data-e-type=\"widget\" data-widget_type=\"spacer.default\">\n\t\t\t\t\t\t\t<div class=\"elementor-spacer\">\n\t\t\t<div class=\"elementor-spacer-inner\"><\/div>\n\t\t<\/div>\n\t\t\t\t\t\t<\/div>\n\t\t<div class=\"elementor-element elementor-element-5bb61a7a e-con-full e-flex e-con e-child\" data-id=\"5bb61a7a\" data-element_type=\"container\" data-e-type=\"container\">\n\t\t\t\t<div class=\"elementor-element elementor-element-4277efd7 elementor-widget elementor-widget-heading\" data-id=\"4277efd7\" data-element_type=\"widget\" data-e-type=\"widget\" data-widget_type=\"heading.default\">\n\t\t\t\t\t<h2 class=\"elementor-heading-title elementor-size-default\">Politique relative aux cookies<\/h2>\t\t\t\t<\/div>\n\t\t\t\t<\/div>\n\t\t\t\t\t<\/div>\n\t\t\t\t<\/div>\n\t\t<div class=\"elementor-element elementor-element-1756049 e-flex e-con-boxed e-con e-parent\" data-id=\"1756049\" data-element_type=\"container\" data-e-type=\"container\">\n\t\t\t\t\t<div class=\"e-con-inner\">\n\t\t<div class=\"elementor-element elementor-element-1349bf9 e-con-full e-flex e-con e-child\" data-id=\"1349bf9\" data-element_type=\"container\" data-e-type=\"container\">\n\t\t\t\t<div class=\"elementor-element elementor-element-588146b elementor-widget elementor-widget-text-editor\" data-id=\"588146b\" data-element_type=\"widget\" data-e-type=\"widget\" data-widget_type=\"text-editor.default\">\n\t\t\t\t\t\t\t\t\t<p>Bienvenue sur le site de <strong>BORNAN SPORTS TECHNOLOGY <\/strong>!<\/p>\n<p>Cette politique relative aux cookies fait partie int\u00e9grante des conditions g\u00e9n\u00e9rales et de la politique de confidentialit\u00e9.<\/p>\n<p>L&rsquo;acc\u00e8s et la navigation sur ce site, ou l&rsquo;utilisation des services qui y sont propos\u00e9s, n\u00e9cessitent l&rsquo;acceptation des conditions g\u00e9n\u00e9rales (et par cons\u00e9quent de la politique de confidentialit\u00e9 et de la politique relative aux cookies). Nous vous prions de les lire attentivement. <\/p>\n<p>Nous vous sommes reconnaissants d&rsquo;avoir d\u00e9cid\u00e9 de nous rendre visite. Nous souhaitons que vous ayez la meilleure exp\u00e9rience possible sur le site, c&rsquo;est pourquoi nous avons r\u00e9dig\u00e9 cette politique relative aux cookies de la mani\u00e8re la plus transparente possible. <\/p>\n<p><strong>Qu&rsquo;est-ce qu&rsquo;un cookie ?<\/strong><\/p>\n<p>Les cookies sont de petits fichiers texte qui sont t\u00e9l\u00e9charg\u00e9s sur l&rsquo;appareil de l&rsquo;utilisateur lorsqu&rsquo;il visite un site web. Ils servent principalement \u00e0 reconna\u00eetre les utilisateurs \u00e0 chaque fois qu&rsquo;ils acc\u00e8dent \u00e0 <a href=\"http:\/\/www.bornan.net\/\" target=\"_blank\" rel=\"nofollow noopener\">https:\/\/bornan.sport\/<\/a> et nous permettent \u00e9galement d&rsquo;am\u00e9liorer la qualit\u00e9 et la convivialit\u00e9 de notre site web. <\/p>\n<p>Les cookies sont essentiels au fonctionnement d&rsquo;Internet, ils ne peuvent pas endommager l&rsquo;appareil de l&rsquo;utilisateur et, s&rsquo;ils sont activ\u00e9s dans les param\u00e8tres du navigateur, ils nous aideront \u00e0 identifier et \u00e0 r\u00e9soudre d&rsquo;\u00e9ventuels probl\u00e8mes dans la navigation sur <a href=\"http:\/\/www.bornan.net\/\" target=\"_blank\" rel=\"nofollow noopener\">https:\/\/bornan.sport\/.<\/a><\/p>\n<p><strong>Types de cookies<\/strong><\/p>\n<p>Il existe diff\u00e9rents types de cookies. Ils fonctionnent tous de mani\u00e8re similaire, mais pr\u00e9sentent de l\u00e9g\u00e8res diff\u00e9rences : <\/p>\n<p>a) Cookies de session. Ces cookies ne restent sur votre appareil que pendant votre visite sur le site et sont supprim\u00e9s lorsque vous fermez votre navigateur. Ils visent principalement \u00e0 identifier le type d&rsquo;appareil, \u00e0 soutenir la s\u00e9curit\u00e9 du site ou ses fonctions de base. Ils ne contiennent pas d&rsquo;informations personnelles qui nous permettraient d&rsquo;identifier une personne.   <\/p>\n<p>b) Cookies persistants ou permanents : Ceux-ci sont stock\u00e9s sur le disque dur de l&rsquo;appareil et notre site internet les lit chaque fois que vous visitez https:\/\/bornan.sport\/. Ils ont une date d&rsquo;expiration sp\u00e9cifique qui, une fois atteinte, rendra le cookie inactif. Ces cookies nous permettent d&rsquo;identifier vos actions et pr\u00e9f\u00e9rences, d&rsquo;analyser les visites et nous aident \u00e9galement \u00e0 comprendre comment les utilisateurs acc\u00e8dent \u00e0 notre site et \u00e0 am\u00e9liorer nos services. <\/p>\n<p>c) Cookies fonctionnels : Ils permettent \u00e0 https:\/\/bornan.sport\/ de m\u00e9moriser les d\u00e9cisions prises par l&rsquo;utilisateur, telles que son identifiant de connexion ou son nom d&rsquo;utilisateur. Les informations collect\u00e9es par ces cookies restent anonymes (c&rsquo;est-\u00e0-dire qu&rsquo;elles ne stockent aucun d\u00e9tail concernant votre nom, adresse ou autres donn\u00e9es). <\/p>\n<p>d) Cookies tiers. Les cookies tiers sont ceux install\u00e9s par un site internet autre que celui que nous visitons, par exemple ceux utilis\u00e9s par les sites de m\u00e9dias sociaux (tels que Facebook) ou par des compl\u00e9ments de contenu externes (tels que Google Maps). De plus, certaines soci\u00e9t\u00e9s publicitaires utilisent ces types de fichiers pour suivre vos visites sur chaque site o\u00f9 elles font de la publicit\u00e9.  <\/p>\n<p>e) Cookies analytiques : Ces cookies visent \u00e0 effectuer un suivi p\u00e9riodique et \u00e0 promouvoir une meilleure exp\u00e9rience utilisateur et un meilleur service, en r\u00e9cup\u00e9rant des donn\u00e9es d&rsquo;activit\u00e9.<\/p>\n<p>Utilisation des cookies par https:\/\/bornan.sport\/<\/p>\n<p>En acc\u00e9dant \u00e0 https:\/\/bornan.sport\/, vous nous autorisez express\u00e9ment \u00e0 utiliser ces types de cookies sur votre appareil. Si vous d\u00e9sactivez les cookies, votre exp\u00e9rience de navigation sur https:\/\/bornan.sport\/ peut ne pas \u00eatre optimale et certaines fonctionnalit\u00e9s de https:\/\/bornan.sport\/ peuvent ne pas fonctionner correctement. <\/p>\n<p>a) Cookies propri\u00e9taires<\/p>\n<p>Notre site utilise des cookies propri\u00e9taires (petits fichiers texte stock\u00e9s par votre navigateur) pour vous reconna\u00eetre et vous fournir un meilleur service. Les avantages li\u00e9s \u00e0 l&rsquo;acceptation de nos cookies se traduisent par des \u00e9conomies de temps consid\u00e9rables. Ces cookies peuvent \u00e9galement \u00eatre utilis\u00e9s pour vous reconna\u00eetre d&rsquo;une visite \u00e0 l&rsquo;autre et ainsi adapter les contenus affich\u00e9s, en collectant des donn\u00e9es sur la date et l&rsquo;heure de votre derni\u00e8re visite, pour mesurer certains param\u00e8tres de trafic au sein du site et pour estimer le nombre de visites afin que nous puissions adapter et ajuster les services et promotions de mani\u00e8re plus efficace.  <\/p>\n<p>Les cookies ne divulgueront pas votre num\u00e9ro de t\u00e9l\u00e9phone, votre adresse e-mail ou toute autre coordonn\u00e9e.<\/p>\n<p>Les cookies ne peuvent pas collecter d&rsquo;informations sur votre disque dur ni voler des informations personnelles.<\/p>\n<p>b) Cookies Google Analytics<\/p>\n<p>Le site utilise le service Google Analytics, fourni par Google, Inc., une entit\u00e9 dont le si\u00e8ge social est situ\u00e9 au 1600 Amphitheatre Parkway, Mountain View (Californie), CA 94043, \u00c9tats-Unis (\u00ab\u00a0Google\u00a0\u00bb).<\/p>\n<p>Google Analytics utilise des cookies pour nous aider \u00e0 analyser la fa\u00e7on dont les utilisateurs utilisent notre site. Les informations g\u00e9n\u00e9r\u00e9es par ce cookie concernant votre utilisation du site (y compris votre adresse IP) seront directement transmises et archiv\u00e9es par Google sur leurs serveurs situ\u00e9s aux \u00c9tats-Unis. Google utilisera ces informations en notre nom dans le but de suivre votre utilisation du site, de collecter des rapports d&rsquo;activit\u00e9 du site et de fournir d&rsquo;autres services li\u00e9s \u00e0 l&rsquo;activit\u00e9 du site et \u00e0 l&rsquo;utilisation d&rsquo;Internet.  <\/p>\n<p>Google peut soumettre ces informations \u00e0 des tiers lorsque la loi l&rsquo;exige, ou lorsque lesdits tiers traitent les informations pour le compte de Google. Google n&rsquo;associera pas votre adresse IP \u00e0 d&rsquo;autres donn\u00e9es stock\u00e9es par Google. Si vous le souhaitez, vous pouvez refuser le traitement de vos donn\u00e9es ou informations en annulant l&rsquo;utilisation des cookies en choisissant les param\u00e8tres appropri\u00e9s de votre navigateur. Cependant, si vous le faites, il est possible que vous ne puissiez pas utiliser toutes les fonctionnalit\u00e9s de ce site. En utilisant ce site, vous acceptez que vos donn\u00e9es soient trait\u00e9es par Google de la mani\u00e8re et aux fins expliqu\u00e9es ci-dessus.    <\/p>\n<p><strong>COOKIES UTILIS\u00c9S PAR BORNAN SPORTS TECHNOLOGY<\/strong><\/p>\n<figure class=\"wp-block-table\">\n<table class=\"has-fixed-layout\">\n<tbody>\n<tr>\n<td><strong>Nom<\/strong><\/td>\n<td><strong>Objectif<\/strong><\/td>\n<td><strong>Propri\u00e9taire<\/strong><\/td>\n<td><strong>Dur\u00e9e<\/strong><\/td>\n<\/tr>\n<tr>\n<td><strong>GA*<\/strong><\/td>\n<td>Utilis\u00e9 pour distinguer les utilisateurs.<\/td>\n<td>Tiers<\/td>\n<td>57 semaines<\/td>\n<\/tr>\n<tr>\n<td><strong>_ga_*<\/strong><\/td>\n<td>Il est utilis\u00e9 pour maintenir le statut de la session.<\/td>\n<td>Tiers<\/td>\n<td>57 semaines<\/td>\n<\/tr>\n<tr>\n<td><strong>_gat_gtag_*<\/strong><\/td>\n<td>Utilis\u00e9 pour limiter le pourcentage de requ\u00eates.<\/td>\n<td>Tiers<\/td>\n<td>1 minute<\/td>\n<\/tr>\n<tr>\n<td><strong>_gid<\/strong><\/td>\n<td>Utilis\u00e9 pour distinguer les utilisateurs<\/td>\n<td>Tiers<\/td>\n<td>1 jour<\/td>\n<\/tr>\n<tr>\n<td><strong>ar_debug<\/strong><\/td>\n<td>C&rsquo;est l&rsquo;un des principaux cookies utilis\u00e9s par Google pour les annonces et il est stock\u00e9 dans les navigateurs dans le domaine doubleclick.net.<\/td>\n<td>Tiers<\/td>\n<td>1 mois<\/td>\n<\/tr>\n<tr>\n<td><strong>cmplz_banner-status<\/strong><\/td>\n<td>Stocke le statut de la d\u00e9cision de la politique des cookies.<\/td>\n<td>Premi\u00e8re partie<\/td>\n<td>57 semaines<\/td>\n<\/tr>\n<tr>\n<td><strong>cmplz_consented_services<\/strong><\/td>\n<td>Stocke les services auxquels l&rsquo;utilisateur a consenti.<\/td>\n<td>Premi\u00e8re partie<\/td>\n<td>57 semaines<\/td>\n<\/tr>\n<tr>\n<td><strong>cmplz_functional<\/strong><\/td>\n<td>D\u00e9finit si les cookies fonctionnels sont autoris\u00e9s.<\/td>\n<td>Premi\u00e8re partie<\/td>\n<td>57 semaines<\/td>\n<\/tr>\n<tr>\n<td><strong>cmplz_marketing<\/strong><\/td>\n<td>D\u00e9finit si les cookies marketing sont autoris\u00e9s.<\/td>\n<td>Premi\u00e8re partie<\/td>\n<td>57 semaines<\/td>\n<\/tr>\n<tr>\n<td><strong>cmplz_policy_id<\/strong><\/td>\n<td>Stocke l&rsquo;ID de la politique des cookies.<\/td>\n<td>Premi\u00e8re partie<\/td>\n<td>57 semaines<\/td>\n<\/tr>\n<tr>\n<td><strong>cmplz_preferences<\/strong><\/td>\n<td>D\u00e9finit si les cookies de pr\u00e9f\u00e9rence sont autoris\u00e9s.<\/td>\n<td>Premi\u00e8re partie<\/td>\n<td>57 semaines<\/td>\n<\/tr>\n<tr>\n<td><strong>cmplz_statistics<\/strong><\/td>\n<td>D\u00e9finit si les cookies statistiques sont autoris\u00e9s.<\/td>\n<td>Premi\u00e8re partie<\/td>\n<td>57 semaines<\/td>\n<\/tr>\n<\/tbody>\n<\/table>\n<\/figure>\n<p><strong>Param\u00e8tres utilisateur pour \u00e9viter les cookies.<\/strong><\/p>\n<p>De la part de BORNAN SPORTS TECHNOLOGY et conform\u00e9ment \u00e0 la r\u00e9glementation en vigueur, nous mettons \u00e0 votre disposition les informations pertinentes pour que vous puissiez configurer votre(vos) navigateur(s) afin de maintenir votre confidentialit\u00e9 et votre s\u00e9curit\u00e9 en ce qui concerne les cookies.<\/p>\n<p>\u00c0 cet \u00e9gard, voici quelques informations et liens vers les sites d&rsquo;assistance officiels des navigateurs les plus populaires pour que vous puissiez d\u00e9cider d&rsquo;accepter ou de rejeter l&rsquo;utilisation des cookies. En suivant ces \u00e9tapes, vous pouvez bloquer les cookies en utilisant les param\u00e8tres du navigateur ou vous pouvez configurer votre navigateur pour qu&rsquo;il vous avertisse chaque fois qu&rsquo;un serveur demande de stocker un cookie : <\/p>\n<p>a) Si vous utilisez Microsoft Internet Explorer, allez dans Outils \/ Options Internet \/ Confidentialit\u00e9 \/ Param\u00e8tres. Pour plus d&rsquo;informations, consultez : http:\/\/windows.microsoft.com\/es-es\/windows-vista\/block-or-allow-cookies y <a href=\"http:\/\/windows.microsoft.com\/es-es\/windows7\/how-to-manage-cookies-in-internet-explorer-9\" target=\"_blank\" rel=\"nofollow noopener\">http:\/\/windows.microsoft.com\/es-es\/windows7\/how-to-manage-cookies-in-internet-explorer-9.<\/a> <\/p>\n<p>b) Si vous utilisez Firefox, allez dans Outils \/ Options \/ Vie priv\u00e9e \/ Cookies. Pour plus d&rsquo;informations, consultez le site <a href=\"http:\/\/support.mozilla.org\/es\/products\/firefox\/cookies\" target=\"_blank\" rel=\"nofollow noopener\">http:\/\/support.mozilla.org\/es\/products\/firefox\/cookies<\/a> <\/p>\n<p>c) Si vous utilisez Chrome, allez dans Param\u00e8tres \/ Param\u00e8tres avanc\u00e9s \/ Confidentialit\u00e9. Pour plus d&rsquo;informations, consultez le site <a href=\"http:\/\/support.google.com\/chrome\/bin\/answer.py?hl=es&amp;answer=95647\" target=\"_blank\" rel=\"nofollow noopener\">http:\/\/support.google.com\/chrome\/bin\/answer.py?hl=es&amp;answer=95647<\/a> <\/p>\n<p>d) Si vous utilisez Opera, allez dans S\u00e9curit\u00e9 et vie priv\u00e9e pour param\u00e9trer votre navigateur. Pour plus d&rsquo;informations, consultez le site <a href=\"http:\/\/www.opera.com\/help\/tutorials\/security\/cookies\/\" target=\"_blank\" rel=\"nofollow noopener\">http:\/\/www.opera.com\/help\/tutorials\/security\/cookies\/<\/a> <\/p>\t\t\t\t\t\t\t\t<\/div>\n\t\t\t\t<\/div>\n\t\t\t\t\t<\/div>\n\t\t\t\t<\/div>\n\t\t\t\t<\/div>\n\t\t","protected":false},"excerpt":{"rendered":"<p>Bienvenue sur le site de BORNAN SPORTS TECHNOLOGY ! Cette politique relative aux cookies fait partie int\u00e9grante des conditions g\u00e9n\u00e9rales et de la politique de confidentialit\u00e9. L&rsquo;acc\u00e8s et la navigation sur ce site, ou l&rsquo;utilisation des services qui y sont propos\u00e9s, n\u00e9cessitent l&rsquo;acceptation des conditions g\u00e9n\u00e9rales (et par cons\u00e9quent de la politique de confidentialit\u00e9 et [&hellip;]<\/p>\n","protected":false},"author":1,"featured_media":0,"parent":0,"menu_order":0,"comment_status":"closed","ping_status":"closed","template":"","meta":{"footnotes":""},"class_list":["post-9366","page","type-page","status-publish","hentry"],"yoast_head":"<!-- This site is optimized with the Yoast SEO plugin v27.3 - https:\/\/yoast.com\/product\/yoast-seo-wordpress\/ -->\n<title>Politique relative aux cookies - BORNAN - Technologie du sport<\/title>\n<meta name=\"robots\" content=\"index, follow, max-snippet:-1, max-image-preview:large, max-video-preview:-1\" \/>\n<link rel=\"canonical\" href=\"https:\/\/bornan.sport\/fr\/politique-relative-aux-cookies\/\" \/>\n<meta property=\"og:locale\" content=\"fr_FR\" \/>\n<meta property=\"og:type\" content=\"article\" \/>\n<meta property=\"og:title\" content=\"Politique relative aux cookies - BORNAN - Technologie du sport\" \/>\n<meta property=\"og:description\" content=\"Bienvenue sur le site de BORNAN SPORTS TECHNOLOGY ! Cette politique relative aux cookies fait partie int\u00e9grante des conditions g\u00e9n\u00e9rales et de la politique de confidentialit\u00e9. L&rsquo;acc\u00e8s et la navigation sur ce site, ou l&rsquo;utilisation des services qui y sont propos\u00e9s, n\u00e9cessitent l&rsquo;acceptation des conditions g\u00e9n\u00e9rales (et par cons\u00e9quent de la politique de confidentialit\u00e9 et [&hellip;]\" \/>\n<meta property=\"og:url\" content=\"https:\/\/bornan.sport\/fr\/politique-relative-aux-cookies\/\" \/>\n<meta property=\"og:site_name\" content=\"BORNAN - Technologie du sport\" \/>\n<meta property=\"article:publisher\" content=\"https:\/\/www.facebook.com\/bornansportstechnology\/\" \/>\n<meta property=\"article:modified_time\" content=\"2025-12-04T10:25:10+00:00\" \/>\n<meta name=\"twitter:card\" content=\"summary_large_image\" \/>\n<meta name=\"twitter:site\" content=\"@BornanSportsIT\" \/>\n<meta name=\"twitter:label1\" content=\"Dur\u00e9e de lecture estim\u00e9e\" \/>\n\t<meta name=\"twitter:data1\" content=\"7 minutes\" \/>\n<script type=\"application\/ld+json\" class=\"yoast-schema-graph\">{\"@context\":\"https:\\\/\\\/schema.org\",\"@graph\":[{\"@type\":\"WebPage\",\"@id\":\"https:\\\/\\\/bornan.sport\\\/fr\\\/politique-relative-aux-cookies\\\/\",\"url\":\"https:\\\/\\\/bornan.sport\\\/fr\\\/politique-relative-aux-cookies\\\/\",\"name\":\"Politique relative aux cookies - BORNAN - Technologie du sport\",\"isPartOf\":{\"@id\":\"https:\\\/\\\/bornan.sport\\\/#website\"},\"datePublished\":\"2025-04-22T09:23:23+00:00\",\"dateModified\":\"2025-12-04T10:25:10+00:00\",\"breadcrumb\":{\"@id\":\"https:\\\/\\\/bornan.sport\\\/fr\\\/politique-relative-aux-cookies\\\/#breadcrumb\"},\"inLanguage\":\"fr-FR\",\"potentialAction\":[{\"@type\":\"ReadAction\",\"target\":[\"https:\\\/\\\/bornan.sport\\\/fr\\\/politique-relative-aux-cookies\\\/\"]}]},{\"@type\":\"BreadcrumbList\",\"@id\":\"https:\\\/\\\/bornan.sport\\\/fr\\\/politique-relative-aux-cookies\\\/#breadcrumb\",\"itemListElement\":[{\"@type\":\"ListItem\",\"position\":1,\"name\":\"Home\",\"item\":\"https:\\\/\\\/bornan.sport\\\/fr\\\/accueil\\\/\"},{\"@type\":\"ListItem\",\"position\":2,\"name\":\"Politique relative aux cookies\"}]},{\"@type\":\"WebSite\",\"@id\":\"https:\\\/\\\/bornan.sport\\\/#website\",\"url\":\"https:\\\/\\\/bornan.sport\\\/\",\"name\":\"BORNAN - Sports Technology\",\"description\":\"\",\"publisher\":{\"@id\":\"https:\\\/\\\/bornan.sport\\\/#organization\"},\"potentialAction\":[{\"@type\":\"SearchAction\",\"target\":{\"@type\":\"EntryPoint\",\"urlTemplate\":\"https:\\\/\\\/bornan.sport\\\/?s={search_term_string}\"},\"query-input\":{\"@type\":\"PropertyValueSpecification\",\"valueRequired\":true,\"valueName\":\"search_term_string\"}}],\"inLanguage\":\"fr-FR\"},{\"@type\":\"Organization\",\"@id\":\"https:\\\/\\\/bornan.sport\\\/#organization\",\"name\":\"BORNAN - Sports Technology\",\"url\":\"https:\\\/\\\/bornan.sport\\\/\",\"logo\":{\"@type\":\"ImageObject\",\"inLanguage\":\"fr-FR\",\"@id\":\"https:\\\/\\\/bornan.sport\\\/#\\\/schema\\\/logo\\\/image\\\/\",\"url\":\"https:\\\/\\\/bornan.sport\\\/wp-content\\\/uploads\\\/2025\\\/04\\\/bornan-dark.png\",\"contentUrl\":\"https:\\\/\\\/bornan.sport\\\/wp-content\\\/uploads\\\/2025\\\/04\\\/bornan-dark.png\",\"width\":92,\"height\":64,\"caption\":\"BORNAN - Sports Technology\"},\"image\":{\"@id\":\"https:\\\/\\\/bornan.sport\\\/#\\\/schema\\\/logo\\\/image\\\/\"},\"sameAs\":[\"https:\\\/\\\/www.facebook.com\\\/bornansportstechnology\\\/\",\"https:\\\/\\\/x.com\\\/BornanSportsIT\",\"https:\\\/\\\/www.instagram.com\\\/bornansportstechnology\\\/\",\"https:\\\/\\\/www.linkedin.com\\\/company\\\/bornan\\\/\"]}]}<\/script>\n<!-- \/ Yoast SEO plugin. -->","yoast_head_json":{"title":"Politique relative aux cookies - BORNAN - Technologie du sport","robots":{"index":"index","follow":"follow","max-snippet":"max-snippet:-1","max-image-preview":"max-image-preview:large","max-video-preview":"max-video-preview:-1"},"canonical":"https:\/\/bornan.sport\/fr\/politique-relative-aux-cookies\/","og_locale":"fr_FR","og_type":"article","og_title":"Politique relative aux cookies - BORNAN - Technologie du sport","og_description":"Bienvenue sur le site de BORNAN SPORTS TECHNOLOGY ! Cette politique relative aux cookies fait partie int\u00e9grante des conditions g\u00e9n\u00e9rales et de la politique de confidentialit\u00e9. L&rsquo;acc\u00e8s et la navigation sur ce site, ou l&rsquo;utilisation des services qui y sont propos\u00e9s, n\u00e9cessitent l&rsquo;acceptation des conditions g\u00e9n\u00e9rales (et par cons\u00e9quent de la politique de confidentialit\u00e9 et [&hellip;]","og_url":"https:\/\/bornan.sport\/fr\/politique-relative-aux-cookies\/","og_site_name":"BORNAN - Technologie du sport","article_publisher":"https:\/\/www.facebook.com\/bornansportstechnology\/","article_modified_time":"2025-12-04T10:25:10+00:00","twitter_card":"summary_large_image","twitter_site":"@BornanSportsIT","twitter_misc":{"Dur\u00e9e de lecture estim\u00e9e":"7 minutes"},"schema":{"@context":"https:\/\/schema.org","@graph":[{"@type":"WebPage","@id":"https:\/\/bornan.sport\/fr\/politique-relative-aux-cookies\/","url":"https:\/\/bornan.sport\/fr\/politique-relative-aux-cookies\/","name":"Politique relative aux cookies - BORNAN - Technologie du sport","isPartOf":{"@id":"https:\/\/bornan.sport\/#website"},"datePublished":"2025-04-22T09:23:23+00:00","dateModified":"2025-12-04T10:25:10+00:00","breadcrumb":{"@id":"https:\/\/bornan.sport\/fr\/politique-relative-aux-cookies\/#breadcrumb"},"inLanguage":"fr-FR","potentialAction":[{"@type":"ReadAction","target":["https:\/\/bornan.sport\/fr\/politique-relative-aux-cookies\/"]}]},{"@type":"BreadcrumbList","@id":"https:\/\/bornan.sport\/fr\/politique-relative-aux-cookies\/#breadcrumb","itemListElement":[{"@type":"ListItem","position":1,"name":"Home","item":"https:\/\/bornan.sport\/fr\/accueil\/"},{"@type":"ListItem","position":2,"name":"Politique relative aux cookies"}]},{"@type":"WebSite","@id":"https:\/\/bornan.sport\/#website","url":"https:\/\/bornan.sport\/","name":"BORNAN - Sports Technology","description":"","publisher":{"@id":"https:\/\/bornan.sport\/#organization"},"potentialAction":[{"@type":"SearchAction","target":{"@type":"EntryPoint","urlTemplate":"https:\/\/bornan.sport\/?s={search_term_string}"},"query-input":{"@type":"PropertyValueSpecification","valueRequired":true,"valueName":"search_term_string"}}],"inLanguage":"fr-FR"},{"@type":"Organization","@id":"https:\/\/bornan.sport\/#organization","name":"BORNAN - Sports Technology","url":"https:\/\/bornan.sport\/","logo":{"@type":"ImageObject","inLanguage":"fr-FR","@id":"https:\/\/bornan.sport\/#\/schema\/logo\/image\/","url":"https:\/\/bornan.sport\/wp-content\/uploads\/2025\/04\/bornan-dark.png","contentUrl":"https:\/\/bornan.sport\/wp-content\/uploads\/2025\/04\/bornan-dark.png","width":92,"height":64,"caption":"BORNAN - Sports Technology"},"image":{"@id":"https:\/\/bornan.sport\/#\/schema\/logo\/image\/"},"sameAs":["https:\/\/www.facebook.com\/bornansportstechnology\/","https:\/\/x.com\/BornanSportsIT","https:\/\/www.instagram.com\/bornansportstechnology\/","https:\/\/www.linkedin.com\/company\/bornan\/"]}]}},"_links":{"self":[{"href":"https:\/\/bornan.sport\/fr\/wp-json\/wp\/v2\/pages\/9366","targetHints":{"allow":["GET"]}}],"collection":[{"href":"https:\/\/bornan.sport\/fr\/wp-json\/wp\/v2\/pages"}],"about":[{"href":"https:\/\/bornan.sport\/fr\/wp-json\/wp\/v2\/types\/page"}],"author":[{"embeddable":true,"href":"https:\/\/bornan.sport\/fr\/wp-json\/wp\/v2\/users\/1"}],"replies":[{"embeddable":true,"href":"https:\/\/bornan.sport\/fr\/wp-json\/wp\/v2\/comments?post=9366"}],"version-history":[{"count":8,"href":"https:\/\/bornan.sport\/fr\/wp-json\/wp\/v2\/pages\/9366\/revisions"}],"predecessor-version":[{"id":9660,"href":"https:\/\/bornan.sport\/fr\/wp-json\/wp\/v2\/pages\/9366\/revisions\/9660"}],"wp:attachment":[{"href":"https:\/\/bornan.sport\/fr\/wp-json\/wp\/v2\/media?parent=9366"}],"curies":[{"name":"wp","href":"https:\/\/api.w.org\/{rel}","templated":true}]}}