{"id":9162,"date":"2025-04-22T09:25:03","date_gmt":"2025-04-22T09:25:03","guid":{"rendered":"https:\/\/bornan.sport\/politique-de-qualite\/"},"modified":"2025-12-01T07:28:36","modified_gmt":"2025-12-01T07:28:36","slug":"politique-de-qualite","status":"publish","type":"page","link":"https:\/\/bornan.sport\/fr\/politique-de-qualite\/","title":{"rendered":"Politique de qualit\u00e9"},"content":{"rendered":"\t\t<div data-elementor-type=\"wp-page\" data-elementor-id=\"9162\" class=\"elementor elementor-9162 elementor-1284\" data-elementor-post-type=\"page\">\n\t\t\t\t<div class=\"elementor-element elementor-element-16ab4dd5 e-flex e-con-boxed e-con e-parent\" data-id=\"16ab4dd5\" data-element_type=\"container\" data-e-type=\"container\">\n\t\t\t\t\t<div class=\"e-con-inner\">\n\t\t\t\t<div class=\"elementor-element elementor-element-48152ad6 elementor-widget elementor-widget-spacer\" data-id=\"48152ad6\" data-element_type=\"widget\" data-e-type=\"widget\" data-widget_type=\"spacer.default\">\n\t\t\t\t\t\t\t<div class=\"elementor-spacer\">\n\t\t\t<div class=\"elementor-spacer-inner\"><\/div>\n\t\t<\/div>\n\t\t\t\t\t\t<\/div>\n\t\t<div class=\"elementor-element elementor-element-51e8befe e-con-full e-flex e-con e-child\" data-id=\"51e8befe\" data-element_type=\"container\" data-e-type=\"container\">\n\t\t\t\t<div class=\"elementor-element elementor-element-501ae09a elementor-widget elementor-widget-heading\" data-id=\"501ae09a\" data-element_type=\"widget\" data-e-type=\"widget\" data-widget_type=\"heading.default\">\n\t\t\t\t\t<h2 class=\"elementor-heading-title elementor-size-default\">Politique de qualit\u00e9<\/h2>\t\t\t\t<\/div>\n\t\t\t\t<\/div>\n\t\t\t\t\t<\/div>\n\t\t\t\t<\/div>\n\t\t<div class=\"elementor-element elementor-element-e4e1e2b e-flex e-con-boxed e-con e-parent\" data-id=\"e4e1e2b\" data-element_type=\"container\" data-e-type=\"container\">\n\t\t\t\t\t<div class=\"e-con-inner\">\n\t\t<div class=\"elementor-element elementor-element-8632344 e-con-full e-flex e-con e-child\" data-id=\"8632344\" data-element_type=\"container\" data-e-type=\"container\">\n\t\t\t\t<div class=\"elementor-element elementor-element-1ec52ef elementor-widget elementor-widget-text-editor\" data-id=\"1ec52ef\" data-element_type=\"widget\" data-e-type=\"widget\" data-widget_type=\"text-editor.default\">\n\t\t\t\t\t\t\t\t\t<p>La Direction d\u00e9finit et participe \u00e0 la Politique de Qualit\u00e9 de BORNAN.<\/p>\n<p>BORNAN SPORTS TECHNOLOGY, S.L. est une entreprise d\u00e9di\u00e9e au d\u00e9veloppement de logiciels pour les \u00e9v\u00e9nements sportifs et ayant pour objectif fondamental la satisfaction totale de nos clients comme seul moyen d&rsquo;assurer la rentabilit\u00e9 et la p\u00e9rennit\u00e9 de l&rsquo;entreprise, poursuit les objectifs g\u00e9n\u00e9raux suivants :<\/p>\n<ul class=\"wp-block-list\">\n<li>Faire de la prestation de services de qualit\u00e9 une marque distinctive de notre entreprise envers ses clients.<\/li>\n<li>Se conformer \u00e0 la l\u00e9gislation et aux exigences applicables.<\/li>\n<li>Engager tous les niveaux et le personnel dans le Syst\u00e8me Qualit\u00e9, par le biais de la motivation, la communication et la formation.<\/li>\n<li>Effectuer une am\u00e9lioration continue du Syst\u00e8me Qualit\u00e9, en mettant en place toutes les mesures n\u00e9cessaires pour atteindre nos objectifs.<\/li>\n<\/ul>\n<p>L&rsquo;ensemble du personnel de cette entreprise est conscient de l&rsquo;importance de son travail pour atteindre ces objectifs, qui sont \u00e9nonc\u00e9s dans notre Syst\u00e8me Qualit\u00e9, d\u00e9clar\u00e9 obligatoire.<\/p>\n<p>Madrid, le 29 avril 2021<\/p>\n<p>PDG<\/p>\t\t\t\t\t\t\t\t<\/div>\n\t\t\t\t<\/div>\n\t\t\t\t\t<\/div>\n\t\t\t\t<\/div>\n\t\t\t\t<\/div>\n\t\t","protected":false},"excerpt":{"rendered":"<p>La Direction d\u00e9finit et participe \u00e0 la Politique de Qualit\u00e9 de BORNAN. BORNAN SPORTS TECHNOLOGY, S.L. est une entreprise d\u00e9di\u00e9e au d\u00e9veloppement de logiciels pour les \u00e9v\u00e9nements sportifs et ayant pour objectif fondamental la satisfaction totale de nos clients comme seul moyen d&rsquo;assurer la rentabilit\u00e9 et la p\u00e9rennit\u00e9 de l&rsquo;entreprise, poursuit les objectifs g\u00e9n\u00e9raux suivants [&hellip;]<\/p>\n","protected":false},"author":1,"featured_media":0,"parent":0,"menu_order":0,"comment_status":"closed","ping_status":"closed","template":"","meta":{"footnotes":""},"class_list":["post-9162","page","type-page","status-publish","hentry"],"yoast_head":"<!-- This site is optimized with the Yoast SEO plugin v27.3 - https:\/\/yoast.com\/product\/yoast-seo-wordpress\/ -->\n<title>Politique de qualit\u00e9 - BORNAN - Technologie du sport<\/title>\n<meta name=\"robots\" content=\"index, follow, max-snippet:-1, max-image-preview:large, max-video-preview:-1\" \/>\n<link rel=\"canonical\" href=\"https:\/\/bornan.sport\/fr\/politique-de-qualite\/\" \/>\n<meta property=\"og:locale\" content=\"fr_FR\" \/>\n<meta property=\"og:type\" content=\"article\" \/>\n<meta property=\"og:title\" content=\"Politique de qualit\u00e9 - BORNAN - Technologie du sport\" \/>\n<meta property=\"og:description\" content=\"La Direction d\u00e9finit et participe \u00e0 la Politique de Qualit\u00e9 de BORNAN. BORNAN SPORTS TECHNOLOGY, S.L. est une entreprise d\u00e9di\u00e9e au d\u00e9veloppement de logiciels pour les \u00e9v\u00e9nements sportifs et ayant pour objectif fondamental la satisfaction totale de nos clients comme seul moyen d&rsquo;assurer la rentabilit\u00e9 et la p\u00e9rennit\u00e9 de l&rsquo;entreprise, poursuit les objectifs g\u00e9n\u00e9raux suivants [&hellip;]\" \/>\n<meta property=\"og:url\" content=\"https:\/\/bornan.sport\/fr\/politique-de-qualite\/\" \/>\n<meta property=\"og:site_name\" content=\"BORNAN - Technologie du sport\" \/>\n<meta property=\"article:publisher\" content=\"https:\/\/www.facebook.com\/bornansportstechnology\/\" \/>\n<meta property=\"article:modified_time\" content=\"2025-12-01T07:28:36+00:00\" \/>\n<meta name=\"twitter:card\" content=\"summary_large_image\" \/>\n<meta name=\"twitter:site\" content=\"@BornanSportsIT\" \/>\n<meta name=\"twitter:label1\" content=\"Dur\u00e9e de lecture estim\u00e9e\" \/>\n\t<meta name=\"twitter:data1\" content=\"1 minute\" \/>\n<script type=\"application\/ld+json\" class=\"yoast-schema-graph\">{\"@context\":\"https:\\\/\\\/schema.org\",\"@graph\":[{\"@type\":\"WebPage\",\"@id\":\"https:\\\/\\\/bornan.sport\\\/fr\\\/politique-de-qualite\\\/\",\"url\":\"https:\\\/\\\/bornan.sport\\\/fr\\\/politique-de-qualite\\\/\",\"name\":\"Politique de qualit\u00e9 - BORNAN - Technologie du sport\",\"isPartOf\":{\"@id\":\"https:\\\/\\\/bornan.sport\\\/#website\"},\"datePublished\":\"2025-04-22T09:25:03+00:00\",\"dateModified\":\"2025-12-01T07:28:36+00:00\",\"breadcrumb\":{\"@id\":\"https:\\\/\\\/bornan.sport\\\/fr\\\/politique-de-qualite\\\/#breadcrumb\"},\"inLanguage\":\"fr-FR\",\"potentialAction\":[{\"@type\":\"ReadAction\",\"target\":[\"https:\\\/\\\/bornan.sport\\\/fr\\\/politique-de-qualite\\\/\"]}]},{\"@type\":\"BreadcrumbList\",\"@id\":\"https:\\\/\\\/bornan.sport\\\/fr\\\/politique-de-qualite\\\/#breadcrumb\",\"itemListElement\":[{\"@type\":\"ListItem\",\"position\":1,\"name\":\"Home\",\"item\":\"https:\\\/\\\/bornan.sport\\\/fr\\\/accueil\\\/\"},{\"@type\":\"ListItem\",\"position\":2,\"name\":\"Politique de qualit\u00e9\"}]},{\"@type\":\"WebSite\",\"@id\":\"https:\\\/\\\/bornan.sport\\\/#website\",\"url\":\"https:\\\/\\\/bornan.sport\\\/\",\"name\":\"BORNAN - Sports Technology\",\"description\":\"\",\"publisher\":{\"@id\":\"https:\\\/\\\/bornan.sport\\\/#organization\"},\"potentialAction\":[{\"@type\":\"SearchAction\",\"target\":{\"@type\":\"EntryPoint\",\"urlTemplate\":\"https:\\\/\\\/bornan.sport\\\/?s={search_term_string}\"},\"query-input\":{\"@type\":\"PropertyValueSpecification\",\"valueRequired\":true,\"valueName\":\"search_term_string\"}}],\"inLanguage\":\"fr-FR\"},{\"@type\":\"Organization\",\"@id\":\"https:\\\/\\\/bornan.sport\\\/#organization\",\"name\":\"BORNAN - Sports Technology\",\"url\":\"https:\\\/\\\/bornan.sport\\\/\",\"logo\":{\"@type\":\"ImageObject\",\"inLanguage\":\"fr-FR\",\"@id\":\"https:\\\/\\\/bornan.sport\\\/#\\\/schema\\\/logo\\\/image\\\/\",\"url\":\"https:\\\/\\\/bornan.sport\\\/wp-content\\\/uploads\\\/2025\\\/04\\\/bornan-dark.png\",\"contentUrl\":\"https:\\\/\\\/bornan.sport\\\/wp-content\\\/uploads\\\/2025\\\/04\\\/bornan-dark.png\",\"width\":92,\"height\":64,\"caption\":\"BORNAN - Sports Technology\"},\"image\":{\"@id\":\"https:\\\/\\\/bornan.sport\\\/#\\\/schema\\\/logo\\\/image\\\/\"},\"sameAs\":[\"https:\\\/\\\/www.facebook.com\\\/bornansportstechnology\\\/\",\"https:\\\/\\\/x.com\\\/BornanSportsIT\",\"https:\\\/\\\/www.instagram.com\\\/bornansportstechnology\\\/\",\"https:\\\/\\\/www.linkedin.com\\\/company\\\/bornan\\\/\"]}]}<\/script>\n<!-- \/ Yoast SEO plugin. -->","yoast_head_json":{"title":"Politique de qualit\u00e9 - BORNAN - Technologie du sport","robots":{"index":"index","follow":"follow","max-snippet":"max-snippet:-1","max-image-preview":"max-image-preview:large","max-video-preview":"max-video-preview:-1"},"canonical":"https:\/\/bornan.sport\/fr\/politique-de-qualite\/","og_locale":"fr_FR","og_type":"article","og_title":"Politique de qualit\u00e9 - BORNAN - Technologie du sport","og_description":"La Direction d\u00e9finit et participe \u00e0 la Politique de Qualit\u00e9 de BORNAN. BORNAN SPORTS TECHNOLOGY, S.L. est une entreprise d\u00e9di\u00e9e au d\u00e9veloppement de logiciels pour les \u00e9v\u00e9nements sportifs et ayant pour objectif fondamental la satisfaction totale de nos clients comme seul moyen d&rsquo;assurer la rentabilit\u00e9 et la p\u00e9rennit\u00e9 de l&rsquo;entreprise, poursuit les objectifs g\u00e9n\u00e9raux suivants [&hellip;]","og_url":"https:\/\/bornan.sport\/fr\/politique-de-qualite\/","og_site_name":"BORNAN - Technologie du sport","article_publisher":"https:\/\/www.facebook.com\/bornansportstechnology\/","article_modified_time":"2025-12-01T07:28:36+00:00","twitter_card":"summary_large_image","twitter_site":"@BornanSportsIT","twitter_misc":{"Dur\u00e9e de lecture estim\u00e9e":"1 minute"},"schema":{"@context":"https:\/\/schema.org","@graph":[{"@type":"WebPage","@id":"https:\/\/bornan.sport\/fr\/politique-de-qualite\/","url":"https:\/\/bornan.sport\/fr\/politique-de-qualite\/","name":"Politique de qualit\u00e9 - BORNAN - Technologie du sport","isPartOf":{"@id":"https:\/\/bornan.sport\/#website"},"datePublished":"2025-04-22T09:25:03+00:00","dateModified":"2025-12-01T07:28:36+00:00","breadcrumb":{"@id":"https:\/\/bornan.sport\/fr\/politique-de-qualite\/#breadcrumb"},"inLanguage":"fr-FR","potentialAction":[{"@type":"ReadAction","target":["https:\/\/bornan.sport\/fr\/politique-de-qualite\/"]}]},{"@type":"BreadcrumbList","@id":"https:\/\/bornan.sport\/fr\/politique-de-qualite\/#breadcrumb","itemListElement":[{"@type":"ListItem","position":1,"name":"Home","item":"https:\/\/bornan.sport\/fr\/accueil\/"},{"@type":"ListItem","position":2,"name":"Politique de qualit\u00e9"}]},{"@type":"WebSite","@id":"https:\/\/bornan.sport\/#website","url":"https:\/\/bornan.sport\/","name":"BORNAN - Sports Technology","description":"","publisher":{"@id":"https:\/\/bornan.sport\/#organization"},"potentialAction":[{"@type":"SearchAction","target":{"@type":"EntryPoint","urlTemplate":"https:\/\/bornan.sport\/?s={search_term_string}"},"query-input":{"@type":"PropertyValueSpecification","valueRequired":true,"valueName":"search_term_string"}}],"inLanguage":"fr-FR"},{"@type":"Organization","@id":"https:\/\/bornan.sport\/#organization","name":"BORNAN - Sports Technology","url":"https:\/\/bornan.sport\/","logo":{"@type":"ImageObject","inLanguage":"fr-FR","@id":"https:\/\/bornan.sport\/#\/schema\/logo\/image\/","url":"https:\/\/bornan.sport\/wp-content\/uploads\/2025\/04\/bornan-dark.png","contentUrl":"https:\/\/bornan.sport\/wp-content\/uploads\/2025\/04\/bornan-dark.png","width":92,"height":64,"caption":"BORNAN - Sports Technology"},"image":{"@id":"https:\/\/bornan.sport\/#\/schema\/logo\/image\/"},"sameAs":["https:\/\/www.facebook.com\/bornansportstechnology\/","https:\/\/x.com\/BornanSportsIT","https:\/\/www.instagram.com\/bornansportstechnology\/","https:\/\/www.linkedin.com\/company\/bornan\/"]}]}},"_links":{"self":[{"href":"https:\/\/bornan.sport\/fr\/wp-json\/wp\/v2\/pages\/9162","targetHints":{"allow":["GET"]}}],"collection":[{"href":"https:\/\/bornan.sport\/fr\/wp-json\/wp\/v2\/pages"}],"about":[{"href":"https:\/\/bornan.sport\/fr\/wp-json\/wp\/v2\/types\/page"}],"author":[{"embeddable":true,"href":"https:\/\/bornan.sport\/fr\/wp-json\/wp\/v2\/users\/1"}],"replies":[{"embeddable":true,"href":"https:\/\/bornan.sport\/fr\/wp-json\/wp\/v2\/comments?post=9162"}],"version-history":[{"count":4,"href":"https:\/\/bornan.sport\/fr\/wp-json\/wp\/v2\/pages\/9162\/revisions"}],"predecessor-version":[{"id":9567,"href":"https:\/\/bornan.sport\/fr\/wp-json\/wp\/v2\/pages\/9162\/revisions\/9567"}],"wp:attachment":[{"href":"https:\/\/bornan.sport\/fr\/wp-json\/wp\/v2\/media?parent=9162"}],"curies":[{"name":"wp","href":"https:\/\/api.w.org\/{rel}","templated":true}]}}