{"id":9375,"date":"2025-04-22T09:23:23","date_gmt":"2025-04-22T09:23:23","guid":{"rendered":"https:\/\/bornan.sport\/politica-de-cookies\/"},"modified":"2025-11-26T12:17:51","modified_gmt":"2025-11-26T12:17:51","slug":"politica-de-cookies","status":"publish","type":"page","link":"https:\/\/bornan.sport\/es\/politica-de-cookies\/","title":{"rendered":"Pol\u00edtica de cookies"},"content":{"rendered":"\t\t<div data-elementor-type=\"wp-page\" data-elementor-id=\"9375\" class=\"elementor elementor-9375 elementor-1281\" data-elementor-post-type=\"page\">\n\t\t\t\t<div class=\"elementor-element elementor-element-181f6339 e-flex e-con-boxed e-con e-parent\" data-id=\"181f6339\" data-element_type=\"container\" data-e-type=\"container\">\n\t\t\t\t\t<div class=\"e-con-inner\">\n\t\t\t\t<div class=\"elementor-element elementor-element-2bb658c2 elementor-widget elementor-widget-spacer\" data-id=\"2bb658c2\" data-element_type=\"widget\" data-e-type=\"widget\" data-widget_type=\"spacer.default\">\n\t\t\t\t\t\t\t<div class=\"elementor-spacer\">\n\t\t\t<div class=\"elementor-spacer-inner\"><\/div>\n\t\t<\/div>\n\t\t\t\t\t\t<\/div>\n\t\t<div class=\"elementor-element elementor-element-5bb61a7a e-con-full e-flex e-con e-child\" data-id=\"5bb61a7a\" data-element_type=\"container\" data-e-type=\"container\">\n\t\t\t\t<div class=\"elementor-element elementor-element-4277efd7 elementor-widget elementor-widget-heading\" data-id=\"4277efd7\" data-element_type=\"widget\" data-e-type=\"widget\" data-widget_type=\"heading.default\">\n\t\t\t\t\t<h2 class=\"elementor-heading-title elementor-size-default\">Pol\u00edtica de cookies<\/h2>\t\t\t\t<\/div>\n\t\t\t\t<\/div>\n\t\t\t\t\t<\/div>\n\t\t\t\t<\/div>\n\t\t<div class=\"elementor-element elementor-element-1756049 e-flex e-con-boxed e-con e-parent\" data-id=\"1756049\" data-element_type=\"container\" data-e-type=\"container\">\n\t\t\t\t\t<div class=\"e-con-inner\">\n\t\t<div class=\"elementor-element elementor-element-1349bf9 e-con-full e-flex e-con e-child\" data-id=\"1349bf9\" data-element_type=\"container\" data-e-type=\"container\">\n\t\t\t\t<div class=\"elementor-element elementor-element-588146b elementor-widget elementor-widget-text-editor\" data-id=\"588146b\" data-element_type=\"widget\" data-e-type=\"widget\" data-widget_type=\"text-editor.default\">\n\t\t\t\t\t\t\t\t\t<p>\u00a1Bienvenido a la p\u00e1gina web <strong>de BORNAN SPORTS TECHNOLOGY <\/strong>!<\/p>\n<p>Esta Pol\u00edtica de Cookies es parte integral de los T\u00e9rminos Generales y la Pol\u00edtica de Privacidad.<\/p>\n<p>El acceso y la navegaci\u00f3n en este sitio o el uso de los servicios en \u00e9l requieren la aceptaci\u00f3n de los T\u00e9rminos Generales (y por lo tanto de la Pol\u00edtica de Privacidad y la Pol\u00edtica de Cookies). Por favor, l\u00e9alos detenidamente. <\/p>\n<p>Agradecemos que haya decidido visitarnos. Deseamos que tenga la mejor experiencia posible en el sitio y es por eso que hemos redactado esta Pol\u00edtica de Cookies de la manera m\u00e1s transparente posible. <\/p>\n<p><strong>\u00bfQu\u00e9 es una Cookie?<\/strong><\/p>\n<p>Las cookies son peque\u00f1os archivos de texto que se descargan en el dispositivo del usuario cuando visita un sitio web. Su finalidad principal es reconocer al usuario cada vez que accede a <a href=\"http:\/\/www.bornan.net\/\" target=\"_blank\" rel=\"nofollow noopener\">https:\/\/bornan.sport\/<\/a> y nos permite, adem\u00e1s, mejorar la calidad y la usabilidad de nuestra web. <\/p>\n<p>Las cookies son esenciales para el funcionamiento de Internet, no pueden da\u00f1ar el dispositivo del usuario y, si est\u00e1n activadas en la configuraci\u00f3n del navegador, nos ayudar\u00e1n a identificar y resolver posibles errores en la navegaci\u00f3n de <a href=\"http:\/\/www.bornan.net\/\" target=\"_blank\" rel=\"nofollow noopener\">https:\/\/bornan.sport\/.<\/a><\/p>\n<p><strong>Tipos de Cookies<\/strong><\/p>\n<p>Existen diferentes tipos de cookies. Todas ellas funcionan de manera similar, pero tienen ligeras diferencias: <\/p>\n<p>a) Cookies de sesi\u00f3n. Estas cookies permanecen en su dispositivo solo durante su visita al sitio y se eliminan cuando cierra su navegador. Su objetivo principal es identificar el tipo de dispositivo, respaldar la seguridad del sitio o sus funciones b\u00e1sicas. No contienen informaci\u00f3n personal que nos permita identificar a una persona.   <\/p>\n<p>b) Cookies persistentes o permanentes: Estas se almacenan en el disco duro del dispositivo y nuestro sitio web las lee cada vez que visita https:\/\/bornan.sport\/. Tienen una fecha de caducidad espec\u00edfica que, al cumplirse, har\u00e1 que la cookie quede inactiva. Estas cookies nos permiten identificar sus acciones y preferencias, analizar las visitas y tambi\u00e9n nos ayuda a entender c\u00f3mo los usuarios llegan a nuestro sitio y a mejorar nuestros servicios. <\/p>\n<p>c) Cookies funcionales: Permiten a https:\/\/bornan.sport\/ recordar decisiones tomadas por el usuario, como su inicio de sesi\u00f3n o nombre de usuario. La informaci\u00f3n recopilada por estas cookies permanece an\u00f3nima (es decir, no almacena ning\u00fan detalle sobre su nombre, direcci\u00f3n u otros datos). <\/p>\n<p>d) Cookies de terceros. Las cookies de terceros son aquellas instaladas por un sitio web distinto al que estamos visitando, por ejemplo, las utilizadas por sitios de redes sociales (como Facebook) o por complementos de contenido externo (como Google Maps). Adem\u00e1s, algunas empresas de publicidad utilizan este tipo de archivos para realizar un seguimiento de sus visitas a todos los sitios en los que se anuncian.  <\/p>\n<p>e) Cookies anal\u00edticas: Estas cookies tienen como objetivo realizar un seguimiento peri\u00f3dico y promover una mejor experiencia y servicio al usuario, mediante la recuperaci\u00f3n de datos de actividad.<\/p>\n<p>Uso de cookies por https:\/\/bornan.sport\/<\/p>\n<p>Al ingresar a https:\/\/bornan.sport\/, usted autoriza expresamente el uso de estos tipos de cookies en su dispositivo. Si desactiva las cookies, es posible que su experiencia de navegaci\u00f3n en https:\/\/bornan.sport\/ no sea \u00f3ptima y algunas de las funcionalidades de https:\/\/bornan.sport\/ no funcionen correctamente. <\/p>\n<p>a) Cookies propias<\/p>\n<p>Nuestro sitio utiliza cookies propias (peque\u00f1os archivos de texto almacenados por su navegador) para reconocerlo y brindarle un mejor servicio. Las ventajas que conlleva la aceptaci\u00f3n de nuestras cookies resultan en un ahorro de tiempo considerable. Estas cookies tambi\u00e9n pueden utilizarse para reconocerlo de una visita a otra y as\u00ed adaptar los contenidos mostrados, recopilando datos sobre la fecha y hora de su \u00faltima visita, para medir algunos par\u00e1metros de tr\u00e1fico dentro del sitio y estimar la cantidad de visitas, de modo que podamos adaptar y ajustar los servicios y promociones de manera m\u00e1s eficaz.  <\/p>\n<p>Las cookies no revelar\u00e1n su n\u00famero de tel\u00e9fono, su direcci\u00f3n de correo electr\u00f3nico ni ning\u00fan otro dato de contacto.<\/p>\n<p>Las cookies no pueden recopilar informaci\u00f3n de su disco duro ni robar informaci\u00f3n personal.<\/p>\n<p>b) Cookies de Google Analytics<\/p>\n<p>El sitio utiliza el servicio de Google Analytics, proporcionado por Google, Inc., una entidad con sede principal en 1600 Amphitheatre Parkway, Mountain View (California), CA 94043, EE. UU. (\u201cGoogle\u201d).<\/p>\n<p>Google Analytics utiliza cookies para ayudarnos a analizar c\u00f3mo los usuarios utilizan nuestro sitio. La informaci\u00f3n generada por esta cookie sobre su uso del sitio (incluida su direcci\u00f3n IP) ser\u00e1 transmitida directamente y archivada por Google en sus servidores en Estados Unidos. Google utilizar\u00e1 esta informaci\u00f3n en nuestro nombre con el prop\u00f3sito de rastrear su uso del sitio, recopilando informes de actividad del sitio y proporcionando otros servicios relacionados con la actividad del sitio y el uso de Internet.  <\/p>\n<p>Google podr\u00eda presentar dicha informaci\u00f3n a terceros cuando as\u00ed lo requiera la ley, o cuando dichos terceros procesen la informaci\u00f3n en nombre de Google. Google no asociar\u00e1 su direcci\u00f3n IP a ning\u00fan otro dato almacenado por Google. Si lo desea, puede rechazar el procesamiento de sus datos o informaci\u00f3n cancelando el uso de cookies mediante la selecci\u00f3n de la configuraci\u00f3n adecuada de su navegador. No obstante, si lo hace, es posible que no pueda utilizar todas las funcionalidades de este sitio. Al utilizar este sitio, usted acepta que sus datos sean procesados por Google de la manera y para los fines explicados anteriormente.    <\/p>\n<p><strong>COOKIES UTILIZADAS POR BORNAN SPORTS TECHNOLOGY<\/strong><\/p>\n<figure class=\"wp-block-table\">\n<table class=\"has-fixed-layout\">\n<tbody>\n<tr>\n<td><strong>Nombre<\/strong><\/td>\n<td><strong>Prop\u00f3sito<\/strong><\/td>\n<td><strong>Propietario<\/strong><\/td>\n<td><strong>Duraci\u00f3n<\/strong><\/td>\n<\/tr>\n<tr>\n<td><strong>GA*<\/strong><\/td>\n<td>Utilizada para distinguir usuarios.<\/td>\n<td>Tercero<\/td>\n<td>57 semanas<\/td>\n<\/tr>\n<tr>\n<td><strong>_ga_*<\/strong><\/td>\n<td>Se utiliza para mantener el estado de la sesi\u00f3n.<\/td>\n<td>Tercero<\/td>\n<td>57 semanas<\/td>\n<\/tr>\n<tr>\n<td><strong>_gat_gtag_*<\/strong><\/td>\n<td>Utilizada para limitar el porcentaje de solicitudes.<\/td>\n<td>Tercero<\/td>\n<td>1 minuto<\/td>\n<\/tr>\n<tr>\n<td><strong>_gid<\/strong><\/td>\n<td>Utilizada para distinguir usuarios<\/td>\n<td>Tercero<\/td>\n<td>1 d\u00eda<\/td>\n<\/tr>\n<tr>\n<td><strong>ar_debug<\/strong><\/td>\n<td>Es una de las principales cookies utilizadas por Google para anuncios y se almacena en los navegadores en el dominio doubleclick.net.<\/td>\n<td>Tercero<\/td>\n<td>1 mes<\/td>\n<\/tr>\n<tr>\n<td><strong>cmplz_banner-status<\/strong><\/td>\n<td>Almacena el estado de la decisi\u00f3n de la pol\u00edtica de cookies.<\/td>\n<td>Primera parte<\/td>\n<td>57 semanas<\/td>\n<\/tr>\n<tr>\n<td><strong>cmplz_consented_services<\/strong><\/td>\n<td>Almacena los servicios consentidos por el usuario.<\/td>\n<td>Primera parte<\/td>\n<td>57 semanas<\/td>\n<\/tr>\n<tr>\n<td><strong>cmplz_functional<\/strong><\/td>\n<td>Define si se permiten las cookies funcionales.<\/td>\n<td>Primera parte<\/td>\n<td>57 semanas<\/td>\n<\/tr>\n<tr>\n<td><strong>cmplz_marketing<\/strong><\/td>\n<td>Define si se permiten las cookies de marketing.<\/td>\n<td>Primera parte<\/td>\n<td>57 semanas<\/td>\n<\/tr>\n<tr>\n<td><strong>cmplz_policy_id<\/strong><\/td>\n<td>Almacena el ID de la pol\u00edtica de cookies.<\/td>\n<td>Primera parte<\/td>\n<td>57 semanas<\/td>\n<\/tr>\n<tr>\n<td><strong>cmplz_preferences<\/strong><\/td>\n<td>Define si se permiten las cookies de preferencias.<\/td>\n<td>Primera parte<\/td>\n<td>57 semanas<\/td>\n<\/tr>\n<tr>\n<td><strong>cmplz_statistics<\/strong><\/td>\n<td>Define si se permiten las cookies estad\u00edsticas.<\/td>\n<td>Primera parte<\/td>\n<td>57 semanas<\/td>\n<\/tr>\n<\/tbody>\n<\/table>\n<\/figure>\n<p><strong>Configuraci\u00f3n del usuario para evitar Cookies.<\/strong><\/p>\n<p>Desde BORNAN SPORTS TECHNOLOGY y en cumplimiento de la normativa vigente, ponemos a su disposici\u00f3n la informaci\u00f3n relevante para que configure su(s) navegador(es) con el fin de mantener su privacidad y seguridad en relaci\u00f3n con las cookies.<\/p>\n<p>A este respecto, aqu\u00ed se proporciona informaci\u00f3n y enlaces a los sitios de soporte oficiales de los navegadores m\u00e1s populares para que pueda decidir si acepta o rechaza el uso de cookies. Siguiendo estos pasos, puede bloquear las cookies utilizando la configuraci\u00f3n del navegador o puede configurar su navegador para que le avise cada vez que un servidor solicite almacenar una cookie: <\/p>\n<p>a) Si utilizas Microsoft Internet Explorer, ve a Herramientas \/ Opciones de Internet \/ Privacidad \/ Configuraci\u00f3n. Para m\u00e1s informaci\u00f3n, visita: http:\/\/windows.microsoft.com\/es-es\/windows-vista\/block-or-allow-cookies y <a href=\"http:\/\/windows.microsoft.com\/es-es\/windows7\/how-to-manage-cookies-in-internet-explorer-9\" target=\"_blank\" rel=\"nofollow noopener\">http:\/\/windows.microsoft.com\/es-es\/windows7\/how-to-manage-cookies-in-internet-explorer-9.<\/a> <\/p>\n<p>b) Si utilizas Firefox, ve a Herramientas \/ Opciones \/ Privacidad \/ Cookies. Para m\u00e1s informaci\u00f3n, visita <a href=\"http:\/\/support.mozilla.org\/es\/products\/firefox\/cookies\" target=\"_blank\" rel=\"nofollow noopener\">http:\/\/support.mozilla.org\/es\/products\/firefox\/cookies<\/a> <\/p>\n<p>c) Si utilizas Chrome, ve a Configuraci\u00f3n \/ Configuraci\u00f3n avanzada \/ Privacidad. Para m\u00e1s informaci\u00f3n, visita <a href=\"http:\/\/support.google.com\/chrome\/bin\/answer.py?hl=es&amp;answer=95647\" target=\"_blank\" rel=\"nofollow noopener\">http:\/\/support.google.com\/chrome\/bin\/answer.py?hl=es&amp;answer=95647<\/a> <\/p>\n<p>d) Si utilizas Opera, ve a Seguridad y Privacidad para configurar tu navegador. Para m\u00e1s informaci\u00f3n, visita <a href=\"http:\/\/www.opera.com\/help\/tutorials\/security\/cookies\/\" target=\"_blank\" rel=\"nofollow noopener\">http:\/\/www.opera.com\/help\/tutorials\/security\/cookies\/<\/a> <\/p>\t\t\t\t\t\t\t\t<\/div>\n\t\t\t\t<\/div>\n\t\t\t\t\t<\/div>\n\t\t\t\t<\/div>\n\t\t\t\t<\/div>\n\t\t","protected":false},"excerpt":{"rendered":"<p>\u00a1Bienvenido a la p\u00e1gina web de BORNAN SPORTS TECHNOLOGY ! Esta Pol\u00edtica de Cookies es parte integral de los T\u00e9rminos Generales y la Pol\u00edtica de Privacidad. El acceso y la navegaci\u00f3n en este sitio o el uso de los servicios en \u00e9l requieren la aceptaci\u00f3n de los T\u00e9rminos Generales (y por lo tanto de la [&hellip;]<\/p>\n","protected":false},"author":1,"featured_media":0,"parent":0,"menu_order":0,"comment_status":"closed","ping_status":"closed","template":"","meta":{"footnotes":""},"class_list":["post-9375","page","type-page","status-publish","hentry"],"yoast_head":"<!-- This site is optimized with the Yoast SEO plugin v27.4 - https:\/\/yoast.com\/product\/yoast-seo-wordpress\/ -->\n<title>Pol\u00edtica de cookies - BORNAN - Tecnolog\u00eda Deportiva<\/title>\n<meta name=\"robots\" content=\"index, follow, max-snippet:-1, max-image-preview:large, max-video-preview:-1\" \/>\n<link rel=\"canonical\" href=\"https:\/\/bornan.sport\/es\/politica-de-cookies\/\" \/>\n<meta property=\"og:locale\" content=\"es_ES\" \/>\n<meta property=\"og:type\" content=\"article\" \/>\n<meta property=\"og:title\" content=\"Pol\u00edtica de cookies - BORNAN - Tecnolog\u00eda Deportiva\" \/>\n<meta property=\"og:description\" content=\"\u00a1Bienvenido a la p\u00e1gina web de BORNAN SPORTS TECHNOLOGY ! Esta Pol\u00edtica de Cookies es parte integral de los T\u00e9rminos Generales y la Pol\u00edtica de Privacidad. El acceso y la navegaci\u00f3n en este sitio o el uso de los servicios en \u00e9l requieren la aceptaci\u00f3n de los T\u00e9rminos Generales (y por lo tanto de la [&hellip;]\" \/>\n<meta property=\"og:url\" content=\"https:\/\/bornan.sport\/es\/politica-de-cookies\/\" \/>\n<meta property=\"og:site_name\" content=\"BORNAN - Tecnolog\u00eda Deportiva\" \/>\n<meta property=\"article:publisher\" content=\"https:\/\/www.facebook.com\/bornansportstechnology\/\" \/>\n<meta property=\"article:modified_time\" content=\"2025-11-26T12:17:51+00:00\" \/>\n<meta name=\"twitter:card\" content=\"summary_large_image\" \/>\n<meta name=\"twitter:site\" content=\"@BornanSportsIT\" \/>\n<meta name=\"twitter:label1\" content=\"Tiempo de lectura\" \/>\n\t<meta name=\"twitter:data1\" content=\"7 minutos\" \/>\n<script type=\"application\/ld+json\" class=\"yoast-schema-graph\">{\"@context\":\"https:\\\/\\\/schema.org\",\"@graph\":[{\"@type\":\"WebPage\",\"@id\":\"https:\\\/\\\/bornan.sport\\\/es\\\/politica-de-cookies\\\/\",\"url\":\"https:\\\/\\\/bornan.sport\\\/es\\\/politica-de-cookies\\\/\",\"name\":\"Pol\u00edtica de cookies - BORNAN - Tecnolog\u00eda Deportiva\",\"isPartOf\":{\"@id\":\"https:\\\/\\\/bornan.sport\\\/#website\"},\"datePublished\":\"2025-04-22T09:23:23+00:00\",\"dateModified\":\"2025-11-26T12:17:51+00:00\",\"breadcrumb\":{\"@id\":\"https:\\\/\\\/bornan.sport\\\/es\\\/politica-de-cookies\\\/#breadcrumb\"},\"inLanguage\":\"es\",\"potentialAction\":[{\"@type\":\"ReadAction\",\"target\":[\"https:\\\/\\\/bornan.sport\\\/es\\\/politica-de-cookies\\\/\"]}]},{\"@type\":\"BreadcrumbList\",\"@id\":\"https:\\\/\\\/bornan.sport\\\/es\\\/politica-de-cookies\\\/#breadcrumb\",\"itemListElement\":[{\"@type\":\"ListItem\",\"position\":1,\"name\":\"Home\",\"item\":\"https:\\\/\\\/bornan.sport\\\/es\\\/inicio\\\/\"},{\"@type\":\"ListItem\",\"position\":2,\"name\":\"Pol\u00edtica de cookies\"}]},{\"@type\":\"WebSite\",\"@id\":\"https:\\\/\\\/bornan.sport\\\/#website\",\"url\":\"https:\\\/\\\/bornan.sport\\\/\",\"name\":\"BORNAN - Sports Technology\",\"description\":\"\",\"publisher\":{\"@id\":\"https:\\\/\\\/bornan.sport\\\/#organization\"},\"potentialAction\":[{\"@type\":\"SearchAction\",\"target\":{\"@type\":\"EntryPoint\",\"urlTemplate\":\"https:\\\/\\\/bornan.sport\\\/?s={search_term_string}\"},\"query-input\":{\"@type\":\"PropertyValueSpecification\",\"valueRequired\":true,\"valueName\":\"search_term_string\"}}],\"inLanguage\":\"es\"},{\"@type\":\"Organization\",\"@id\":\"https:\\\/\\\/bornan.sport\\\/#organization\",\"name\":\"BORNAN - Sports Technology\",\"url\":\"https:\\\/\\\/bornan.sport\\\/\",\"logo\":{\"@type\":\"ImageObject\",\"inLanguage\":\"es\",\"@id\":\"https:\\\/\\\/bornan.sport\\\/#\\\/schema\\\/logo\\\/image\\\/\",\"url\":\"https:\\\/\\\/bornan.sport\\\/wp-content\\\/uploads\\\/2025\\\/04\\\/bornan-dark.png\",\"contentUrl\":\"https:\\\/\\\/bornan.sport\\\/wp-content\\\/uploads\\\/2025\\\/04\\\/bornan-dark.png\",\"width\":92,\"height\":64,\"caption\":\"BORNAN - Sports Technology\"},\"image\":{\"@id\":\"https:\\\/\\\/bornan.sport\\\/#\\\/schema\\\/logo\\\/image\\\/\"},\"sameAs\":[\"https:\\\/\\\/www.facebook.com\\\/bornansportstechnology\\\/\",\"https:\\\/\\\/x.com\\\/BornanSportsIT\",\"https:\\\/\\\/www.instagram.com\\\/bornansportstechnology\\\/\",\"https:\\\/\\\/www.linkedin.com\\\/company\\\/bornan\\\/\"]}]}<\/script>\n<!-- \/ Yoast SEO plugin. -->","yoast_head_json":{"title":"Pol\u00edtica de cookies - BORNAN - Tecnolog\u00eda Deportiva","robots":{"index":"index","follow":"follow","max-snippet":"max-snippet:-1","max-image-preview":"max-image-preview:large","max-video-preview":"max-video-preview:-1"},"canonical":"https:\/\/bornan.sport\/es\/politica-de-cookies\/","og_locale":"es_ES","og_type":"article","og_title":"Pol\u00edtica de cookies - BORNAN - Tecnolog\u00eda Deportiva","og_description":"\u00a1Bienvenido a la p\u00e1gina web de BORNAN SPORTS TECHNOLOGY ! Esta Pol\u00edtica de Cookies es parte integral de los T\u00e9rminos Generales y la Pol\u00edtica de Privacidad. El acceso y la navegaci\u00f3n en este sitio o el uso de los servicios en \u00e9l requieren la aceptaci\u00f3n de los T\u00e9rminos Generales (y por lo tanto de la [&hellip;]","og_url":"https:\/\/bornan.sport\/es\/politica-de-cookies\/","og_site_name":"BORNAN - Tecnolog\u00eda Deportiva","article_publisher":"https:\/\/www.facebook.com\/bornansportstechnology\/","article_modified_time":"2025-11-26T12:17:51+00:00","twitter_card":"summary_large_image","twitter_site":"@BornanSportsIT","twitter_misc":{"Tiempo de lectura":"7 minutos"},"schema":{"@context":"https:\/\/schema.org","@graph":[{"@type":"WebPage","@id":"https:\/\/bornan.sport\/es\/politica-de-cookies\/","url":"https:\/\/bornan.sport\/es\/politica-de-cookies\/","name":"Pol\u00edtica de cookies - BORNAN - Tecnolog\u00eda Deportiva","isPartOf":{"@id":"https:\/\/bornan.sport\/#website"},"datePublished":"2025-04-22T09:23:23+00:00","dateModified":"2025-11-26T12:17:51+00:00","breadcrumb":{"@id":"https:\/\/bornan.sport\/es\/politica-de-cookies\/#breadcrumb"},"inLanguage":"es","potentialAction":[{"@type":"ReadAction","target":["https:\/\/bornan.sport\/es\/politica-de-cookies\/"]}]},{"@type":"BreadcrumbList","@id":"https:\/\/bornan.sport\/es\/politica-de-cookies\/#breadcrumb","itemListElement":[{"@type":"ListItem","position":1,"name":"Home","item":"https:\/\/bornan.sport\/es\/inicio\/"},{"@type":"ListItem","position":2,"name":"Pol\u00edtica de cookies"}]},{"@type":"WebSite","@id":"https:\/\/bornan.sport\/#website","url":"https:\/\/bornan.sport\/","name":"BORNAN - Sports Technology","description":"","publisher":{"@id":"https:\/\/bornan.sport\/#organization"},"potentialAction":[{"@type":"SearchAction","target":{"@type":"EntryPoint","urlTemplate":"https:\/\/bornan.sport\/?s={search_term_string}"},"query-input":{"@type":"PropertyValueSpecification","valueRequired":true,"valueName":"search_term_string"}}],"inLanguage":"es"},{"@type":"Organization","@id":"https:\/\/bornan.sport\/#organization","name":"BORNAN - Sports Technology","url":"https:\/\/bornan.sport\/","logo":{"@type":"ImageObject","inLanguage":"es","@id":"https:\/\/bornan.sport\/#\/schema\/logo\/image\/","url":"https:\/\/bornan.sport\/wp-content\/uploads\/2025\/04\/bornan-dark.png","contentUrl":"https:\/\/bornan.sport\/wp-content\/uploads\/2025\/04\/bornan-dark.png","width":92,"height":64,"caption":"BORNAN - Sports Technology"},"image":{"@id":"https:\/\/bornan.sport\/#\/schema\/logo\/image\/"},"sameAs":["https:\/\/www.facebook.com\/bornansportstechnology\/","https:\/\/x.com\/BornanSportsIT","https:\/\/www.instagram.com\/bornansportstechnology\/","https:\/\/www.linkedin.com\/company\/bornan\/"]}]}},"_links":{"self":[{"href":"https:\/\/bornan.sport\/es\/wp-json\/wp\/v2\/pages\/9375","targetHints":{"allow":["GET"]}}],"collection":[{"href":"https:\/\/bornan.sport\/es\/wp-json\/wp\/v2\/pages"}],"about":[{"href":"https:\/\/bornan.sport\/es\/wp-json\/wp\/v2\/types\/page"}],"author":[{"embeddable":true,"href":"https:\/\/bornan.sport\/es\/wp-json\/wp\/v2\/users\/1"}],"replies":[{"embeddable":true,"href":"https:\/\/bornan.sport\/es\/wp-json\/wp\/v2\/comments?post=9375"}],"version-history":[{"count":4,"href":"https:\/\/bornan.sport\/es\/wp-json\/wp\/v2\/pages\/9375\/revisions"}],"predecessor-version":[{"id":9385,"href":"https:\/\/bornan.sport\/es\/wp-json\/wp\/v2\/pages\/9375\/revisions\/9385"}],"wp:attachment":[{"href":"https:\/\/bornan.sport\/es\/wp-json\/wp\/v2\/media?parent=9375"}],"curies":[{"name":"wp","href":"https:\/\/api.w.org\/{rel}","templated":true}]}}