{"id":9179,"date":"2025-04-22T09:26:08","date_gmt":"2025-04-22T09:26:08","guid":{"rendered":"https:\/\/bornan.sport\/aviso-legal\/"},"modified":"2025-11-26T12:16:32","modified_gmt":"2025-11-26T12:16:32","slug":"aviso-legal","status":"publish","type":"page","link":"https:\/\/bornan.sport\/es\/aviso-legal\/","title":{"rendered":"Aviso Legal"},"content":{"rendered":"\t\t<div data-elementor-type=\"wp-page\" data-elementor-id=\"9179\" class=\"elementor elementor-9179 elementor-1288\" data-elementor-post-type=\"page\">\n\t\t\t\t<div class=\"elementor-element elementor-element-b495125 e-flex e-con-boxed e-con e-parent\" data-id=\"b495125\" data-element_type=\"container\" data-e-type=\"container\">\n\t\t\t\t\t<div class=\"e-con-inner\">\n\t\t\t\t<div class=\"elementor-element elementor-element-89e5c0a elementor-widget elementor-widget-spacer\" data-id=\"89e5c0a\" data-element_type=\"widget\" data-e-type=\"widget\" data-widget_type=\"spacer.default\">\n\t\t\t\t\t\t\t<div class=\"elementor-spacer\">\n\t\t\t<div class=\"elementor-spacer-inner\"><\/div>\n\t\t<\/div>\n\t\t\t\t\t\t<\/div>\n\t\t<div class=\"elementor-element elementor-element-26b5043 e-con-full e-flex e-con e-child\" data-id=\"26b5043\" data-element_type=\"container\" data-e-type=\"container\">\n\t\t\t\t<div class=\"elementor-element elementor-element-19228ef elementor-widget elementor-widget-heading\" data-id=\"19228ef\" data-element_type=\"widget\" data-e-type=\"widget\" data-widget_type=\"heading.default\">\n\t\t\t\t\t<h2 class=\"elementor-heading-title elementor-size-default\">Aviso Legal<\/h2>\t\t\t\t<\/div>\n\t\t\t\t<\/div>\n\t\t\t\t\t<\/div>\n\t\t\t\t<\/div>\n\t\t<div class=\"elementor-element elementor-element-05c0d8e e-flex e-con-boxed e-con e-parent\" data-id=\"05c0d8e\" data-element_type=\"container\" data-e-type=\"container\">\n\t\t\t\t\t<div class=\"e-con-inner\">\n\t\t<div class=\"elementor-element elementor-element-c1e168e e-con-full e-flex e-con e-child\" data-id=\"c1e168e\" data-element_type=\"container\" data-e-type=\"container\">\n\t\t\t\t<div class=\"elementor-element elementor-element-0ea931e elementor-widget elementor-widget-text-editor\" data-id=\"0ea931e\" data-element_type=\"widget\" data-e-type=\"widget\" data-widget_type=\"text-editor.default\">\n\t\t\t\t\t\t\t\t\t<p><strong>Gracias por visitarnos. Queremos que su experiencia en nuestro sitio web sea lo m\u00e1s positiva posible. <\/strong><\/p><p>Al acceder a nuestros servicios, usted declara ser mayor de edad y poseer la capacidad legal para actuar de conformidad con las leyes aplicables en su pa\u00eds de residencia. El acceso y la navegaci\u00f3n por este sitio web, as\u00ed como el uso de sus servicios, implican la aceptaci\u00f3n plena y expresa de todas y cada una de estas Condiciones Generales, incluidas las Condiciones Espec\u00edficas aplicables a determinadas promociones, as\u00ed como nuestras Pol\u00edticas de Privacidad y Cookies, todas ellas conformes con la normativa vigente en materia de protecci\u00f3n de datos personales. Le recomendamos encarecidamente que las lea atentamente para comprender qu\u00e9 tipos de datos se recopilan a trav\u00e9s de nuestro sitio web, con qu\u00e9 fines y qu\u00e9 derechos tiene en relaci\u00f3n con dichos datos.  <\/p><p><strong>1. Informaci\u00f3n legal<\/strong><\/p><p>De conformidad con la Ley 34\/2002, de 11 de julio, de Servicios de la Sociedad de la Informaci\u00f3n y de Comercio Electr\u00f3nico (LSSI), los datos identificativos del titular de este sitio web son los siguientes:<\/p><p><strong>BORNAN SPORTS TECHNOLOGY, S.L.<\/strong><\/p><p>C\/ Marie Curie, 19, 6th floor (units 6.5 and 6.6) \u2013 28521 Rivas-Vaciamadrid, Madrid, Spain.<\/p><p>Tax ID: B87915419<\/p><p>Inscrita en el Registro Mercantil de Madrid, Tomo 36419, Folio 107, Secci\u00f3n 8, Hoja M 654298, Inscripci\u00f3n 1 del a\u00f1o 2017.<\/p><p>Si tiene alguna pregunta o consulta, puede ponerse en contacto con nosotros por tel\u00e9fono en el n\u00famero <strong>+34 910 646 844<\/strong> o por email en<strong> info@bornan.net<\/strong>.<\/p><p>El acceso al sitio web implica la aceptaci\u00f3n expresa por parte del usuario de las presentes Condiciones Generales de Uso, que podr\u00e1n ser modificadas o sustituidas por el propietario del sitio web en cualquier momento y sin previo aviso.<\/p><p><strong>2. Condiciones generales de uso<\/strong><\/p><p>Las presentes Condiciones Generales regulan el uso y acceso a este sitio web, que sirve como punto de entrada a <strong>BORNAN SPORTS TECHNOLOGY, S.L.<\/strong>, proporcionar a los usuarios informaci\u00f3n, servicios y contenidos a trav\u00e9s de la web. A trav\u00e9s de este sitio, los usuarios pueden acceder a informaci\u00f3n sobre productos y servicios espec\u00edficos, herramientas y aplicaciones. <\/p><p>Los datos y la informaci\u00f3n relativos a productos o servicios, precios, caracter\u00edsticas u otros aspectos relevantes disponibles a trav\u00e9s de este sitio web son proporcionados, suministrados y actualizados por terceros proveedores y distribuidores. Bajo ninguna circunstancia <\/p><p><strong>BORNAN SPORTS TECHNOLOGY, S.L.<\/strong> ser\u00e1 responsable de dichos datos o informaci\u00f3n, ni asumir\u00e1 ninguna obligaci\u00f3n en relaci\u00f3n con ellos.<\/p><p>El Usuario se compromete a hacer un uso adecuado de los contenidos, servicios, aplicaciones y herramientas accesibles a trav\u00e9s del sitio, con sujeci\u00f3n a la legislaci\u00f3n aplicable, a las presentes Condiciones Generales de Uso y, en su caso, a las Condiciones Particulares que se establezcan para el acceso a determinados servicios y aplicaciones, respetando en todo momento a los dem\u00e1s usuarios de la plataforma.<\/p><p>En caso de incumplimiento total o parcial de las presentes Condiciones Generales de Uso por parte del Usuario, <strong>BORNAN SPORTS TECHNOLOGY, S.L.<\/strong> se reserva el derecho a denegar el acceso al sitio web sin previo aviso.<\/p><p><strong>3. Obligaciones generales del usuario<\/strong><\/p><p>Al aceptar estas Condiciones Generales de Uso, el Usuario se compromete expresamente a:<\/p><p>\u2013 Not engage in any action aimed at damaging, blocking, overloading, impairing, disabling, or otherwise interfering\u2014whether temporarily or permanently\u2014with the functionalities, tools, content and\/or infrastructure of the website, thereby preventing its normal operation or use.<\/p><p>\u2013 Safeguard and maintain the confidentiality of the access credentials associated with their username, being fully responsible for the use of such personal and non-transferable credentials by third parties.<\/p><p>\u2013 Refrain from submitting or publishing defamatory or slanderous content, whether directed at other Users or at third-party companies unrelated to BORNAN SPORTS TECHNOLOGY, S.L.<\/p><p>\u2013 Not use any of the materials or information contained on this Website for illicit purposes, or for any purposes expressly prohibited in these General Terms of Use or in any Specific Terms that may apply to certain applications and\/or utilities, particularly those that may infringe upon the rights and interests of BORNAN SPORTS TECHNOLOGY, S.L., its Users and\/or third parties.<\/p><p>\u2013 Not offer or distribute products or services, nor send unsolicited advertising or commercial communications to other Users and visitors of BORNAN SPORTS TECHNOLOGY, S.L.<\/p><p>El Usuario ser\u00e1 responsable de todos los da\u00f1os y perjuicios de cualquier naturaleza que BORNAN SPORTS TECHNOLOGY, S.L. o cualquier tercero puedan sufrir como consecuencia del incumplimiento por parte del Usuario de cualquiera de las obligaciones derivadas de las presentes Condiciones Generales de Uso o de la legislaci\u00f3n aplicable en relaci\u00f3n con el acceso y\/o uso de la p\u00e1gina web.<\/p><p><strong>4. Propiedad intelectual e industrial<\/strong><\/p><p>El sitio web, sus p\u00e1ginas componentes y la informaci\u00f3n o elementos contenidos en \u00e9l (incluidos, entre otros, textos, documentos, fotograf\u00edas, dibujos, representaciones gr\u00e1ficas), as\u00ed como los logotipos, marcas comerciales, nombres comerciales u otros signos distintivos, est\u00e1n protegidos por derechos de propiedad intelectual o industrial titularidad de BORNAN SPORTS TECHNOLOGY, S.L. o para cuyo uso y comunicaci\u00f3n p\u00fablica ha sido debidamente autorizada por los leg\u00edtimos titulares.<\/p><p>El Usuario se compromete a utilizar el contenido de forma diligente y adecuada, de conformidad con la ley, la moral y el orden p\u00fablico. BORNAN SPORTS TECHNOLOGY, S.L. <\/p><p>autoriza al Usuario a visualizar la informaci\u00f3n contenida en este sitio web y a realizar copias privadas (es decir, descargar y almacenar contenidos en sus sistemas personales), siempre que dichas acciones sean exclusivamente para uso personal. En ning\u00fan caso ello implica autorizaci\u00f3n o licencia alguna para utilizar los derechos de propiedad intelectual de BORNAN SPORTS TECHNOLOGY, S.L. o de los leg\u00edtimos titulares de los mismos. <\/p><p>El usuario no est\u00e1 autorizado a distribuir, modificar, ceder ni comunicar p\u00fablicamente ninguna de las informaciones contenidas en este sitio web, bajo ninguna forma ni para ning\u00fan fin.<\/p><p>Para informar sobre cualquier inquietud o posible violaci\u00f3n de los derechos de propiedad intelectual o industrial, o sobre cualquier contenido encontrado en el sitio web, los usuarios pueden ponerse en contacto con nosotros a trav\u00e9s de las direcciones postales o electr\u00f3nicas que figuran en el encabezamiento de este documento.<\/p><p><strong>5. Enlaces<\/strong><\/p><p>Los enlaces y conexiones a sitios web o p\u00e1ginas web de terceros se proporcionan \u00fanicamente para comodidad del usuario. <strong>BORNAN SPORTS TECHNOLOGY, S.L.<\/strong> no asume responsabilidad alguna por dichos enlaces ni por su contenido.<\/p><p><strong>BORNAN SPORTS TECHNOLOGY, S.L.<\/strong> no se hace responsable de las consecuencias derivadas de la existencia de enlaces entre el contenido de este sitio y el contenido ubicado fuera de \u00e9l, ni de ninguna menci\u00f3n de contenido externo. Dichos enlaces o referencias se proporcionan \u00fanicamente con fines informativos y en ning\u00fan caso implican respaldo, aprobaci\u00f3n, comercializaci\u00f3n o relaci\u00f3n de ning\u00fan tipo entre <strong>BORNAN SPORTS TECHNOLOGY, S.L.<\/strong> y las personas f\u00edsicas o jur\u00eddicas que crean o gestionan dicho contenido, o los propietarios de los sitios web en los que se encuentra dicho contenido. <\/p><p>La creaci\u00f3n de enlaces a este sitio web requiere la autorizaci\u00f3n previa y expresa por escrito del propietario del sitio web.<\/p><p><strong>6. Responsabilidad<\/strong><\/p><p><strong>BORNAN SPORTS TECHNOLOGY, S.L.<\/strong> no garantiza el acceso continuo al sitio web, ni la correcta visualizaci\u00f3n, descarga o utilidad de los elementos e informaciones contenidas en el portal, que pueden verse impedidas, entorpecidas o interrumpidas por factores o circunstancias ajenas a su control o independientes de su voluntad, incluyendo las causadas por la presencia de virus inform\u00e1ticos en Internet.<\/p><p><strong>BORNAN SPORTS TECHNOLOGY, S.L.<\/strong> no acepta ninguna responsabilidad por los da\u00f1os, p\u00e9rdidas, reclamaciones o gastos que puedan derivarse de:<\/p><p>(i) Interferencias, interrupciones, fallos, omisiones, retrasos, bloqueos o desconexiones causados por errores en las l\u00edneas o redes de telecomunicaciones, o por cualquier otra causa ajena al control de <strong>BORNAN SPORTS TECHNOLOGY, S.L.<\/strong>; (ii) Intrusiones no autorizadas mediante el uso de software malicioso de cualquier tipo y a trav\u00e9s de cualquier medio de comunicaci\u00f3n, como virus inform\u00e1ticos u otros; (iii) Uso indebido o inadecuado del sitio web de <strong>BORNAN SPORTS TECHNOLOGY, S.L.<\/strong> website; (iv) Errores de seguridad o navegaci\u00f3n derivados de un mal funcionamiento del navegador o del uso de versiones desactualizadas del mismo.  <\/p><p><strong>BORNAN SPORTS TECHNOLOGY, S.L.<\/strong> no ser\u00e1 responsable, en ning\u00fan caso, ante los usuarios o terceros por los actos realizados por terceros ajenos a <strong>BORNAN SPORTS TECHNOLOGY, S.L.<\/strong> que puedan dar lugar a competencia desleal, publicidad il\u00edcita, infracci\u00f3n de derechos de propiedad intelectual o industrial, violaci\u00f3n de secretos comerciales, incumplimiento de obligaciones contractuales de cualquier tipo o violaciones de los derechos al honor, a la intimidad personal y familiar, a la imagen, a la propiedad o a cualquier otro derecho perteneciente a un tercero, derivados de la transmisi\u00f3n, difusi\u00f3n, almacenamiento, puesta a disposici\u00f3n, recepci\u00f3n, adquisici\u00f3n o acceso a contenidos.<\/p><p><strong>7. Protecci\u00f3n de datos personales<\/strong><\/p><p>La pol\u00edtica completa relativa al tratamiento de datos personales se puede consultar en nuestra <strong>Privacy Policy<\/strong>, que forma parte integrante de las presentes Condiciones Generales, pero que se ha proporcionado en un documento separado para facilitar su consulta.: <strong>Privacy Policy<\/strong>.<\/p><p><strong>8. Legislaci\u00f3n aplicable<\/strong><\/p><p>El presente Aviso Legal y sus t\u00e9rminos y condiciones se regir\u00e1n e interpretar\u00e1n de conformidad con la legislaci\u00f3n espa\u00f1ola. Cualquier controversia que surja o est\u00e9 relacionada con estos t\u00e9rminos se someter\u00e1 a la jurisdicci\u00f3n de los <strong>tribunales y juzgados competentes.<\/strong>. <\/p><p>Por el mero hecho de acceder al sitio web o convertirse en usuario registrado, el usuario acepta irrevocablemente la jurisdicci\u00f3n de los tribunales competentes por defecto para conocer de cualquier acci\u00f3n legal derivada o relacionada con estos t\u00e9rminos, o con el uso o navegaci\u00f3n de este sitio web.<\/p><p>Si alguna cl\u00e1usula o disposici\u00f3n de estas Condiciones Generales, que no sea esencial para su existencia, fuera declarada nula o inaplicable, dicha declaraci\u00f3n no afectar\u00e1 a la validez o aplicabilidad de las dem\u00e1s cl\u00e1usulas.<\/p><p><strong>9. Sistema de denuncia de irregularidades<\/strong><\/p><p>Pulse el enlace a continuaci\u00f3n para obtener m\u00e1s informaci\u00f3n.<\/p><p><a href=\"https:\/\/centinela.lefebvre.es\/public\/concept\/1719300?access=AEAuBoQdRev4pij4uTtlv5buMpyn8opJ%2BLTKIImT6mc%3D\" target=\"_blank\" rel=\"noopener\">Enlace al sistema de denuncia de irregularidades<\/a><\/p>\t\t\t\t\t\t\t\t<\/div>\n\t\t\t\t<\/div>\n\t\t\t\t\t<\/div>\n\t\t\t\t<\/div>\n\t\t\t\t<\/div>\n\t\t","protected":false},"excerpt":{"rendered":"<p>Aviso Legal Gracias por visitarnos. Queremos que su experiencia en nuestro sitio web sea lo m\u00e1s positiva posible. Al acceder a nuestros servicios, usted declara ser mayor de edad y poseer la capacidad legal para actuar de conformidad con las leyes aplicables en su pa\u00eds de residencia. El acceso y la navegaci\u00f3n por este sitio [&hellip;]<\/p>\n","protected":false},"author":1,"featured_media":0,"parent":0,"menu_order":0,"comment_status":"closed","ping_status":"closed","template":"","meta":{"footnotes":""},"class_list":["post-9179","page","type-page","status-publish","hentry"],"yoast_head":"<!-- This site is optimized with the Yoast SEO plugin v27.4 - https:\/\/yoast.com\/product\/yoast-seo-wordpress\/ -->\n<title>Aviso Legal - BORNAN - Tecnolog\u00eda Deportiva<\/title>\n<meta name=\"robots\" content=\"index, follow, max-snippet:-1, max-image-preview:large, max-video-preview:-1\" \/>\n<link rel=\"canonical\" href=\"https:\/\/bornan.sport\/es\/aviso-legal\/\" \/>\n<meta property=\"og:locale\" content=\"es_ES\" \/>\n<meta property=\"og:type\" content=\"article\" \/>\n<meta property=\"og:title\" content=\"Aviso Legal - BORNAN - Tecnolog\u00eda Deportiva\" \/>\n<meta property=\"og:description\" content=\"Aviso Legal Gracias por visitarnos. Queremos que su experiencia en nuestro sitio web sea lo m\u00e1s positiva posible. Al acceder a nuestros servicios, usted declara ser mayor de edad y poseer la capacidad legal para actuar de conformidad con las leyes aplicables en su pa\u00eds de residencia. El acceso y la navegaci\u00f3n por este sitio [&hellip;]\" \/>\n<meta property=\"og:url\" content=\"https:\/\/bornan.sport\/es\/aviso-legal\/\" \/>\n<meta property=\"og:site_name\" content=\"BORNAN - Tecnolog\u00eda Deportiva\" \/>\n<meta property=\"article:publisher\" content=\"https:\/\/www.facebook.com\/bornansportstechnology\/\" \/>\n<meta property=\"article:modified_time\" content=\"2025-11-26T12:16:32+00:00\" \/>\n<meta name=\"twitter:card\" content=\"summary_large_image\" \/>\n<meta name=\"twitter:site\" content=\"@BornanSportsIT\" \/>\n<meta name=\"twitter:label1\" content=\"Tiempo de lectura\" \/>\n\t<meta name=\"twitter:data1\" content=\"9 minutos\" \/>\n<script type=\"application\/ld+json\" class=\"yoast-schema-graph\">{\"@context\":\"https:\\\/\\\/schema.org\",\"@graph\":[{\"@type\":\"WebPage\",\"@id\":\"https:\\\/\\\/bornan.sport\\\/es\\\/aviso-legal\\\/\",\"url\":\"https:\\\/\\\/bornan.sport\\\/es\\\/aviso-legal\\\/\",\"name\":\"Aviso Legal - BORNAN - Tecnolog\u00eda Deportiva\",\"isPartOf\":{\"@id\":\"https:\\\/\\\/bornan.sport\\\/#website\"},\"datePublished\":\"2025-04-22T09:26:08+00:00\",\"dateModified\":\"2025-11-26T12:16:32+00:00\",\"breadcrumb\":{\"@id\":\"https:\\\/\\\/bornan.sport\\\/es\\\/aviso-legal\\\/#breadcrumb\"},\"inLanguage\":\"es\",\"potentialAction\":[{\"@type\":\"ReadAction\",\"target\":[\"https:\\\/\\\/bornan.sport\\\/es\\\/aviso-legal\\\/\"]}]},{\"@type\":\"BreadcrumbList\",\"@id\":\"https:\\\/\\\/bornan.sport\\\/es\\\/aviso-legal\\\/#breadcrumb\",\"itemListElement\":[{\"@type\":\"ListItem\",\"position\":1,\"name\":\"Home\",\"item\":\"https:\\\/\\\/bornan.sport\\\/es\\\/inicio\\\/\"},{\"@type\":\"ListItem\",\"position\":2,\"name\":\"Aviso Legal\"}]},{\"@type\":\"WebSite\",\"@id\":\"https:\\\/\\\/bornan.sport\\\/#website\",\"url\":\"https:\\\/\\\/bornan.sport\\\/\",\"name\":\"BORNAN - Sports Technology\",\"description\":\"\",\"publisher\":{\"@id\":\"https:\\\/\\\/bornan.sport\\\/#organization\"},\"potentialAction\":[{\"@type\":\"SearchAction\",\"target\":{\"@type\":\"EntryPoint\",\"urlTemplate\":\"https:\\\/\\\/bornan.sport\\\/?s={search_term_string}\"},\"query-input\":{\"@type\":\"PropertyValueSpecification\",\"valueRequired\":true,\"valueName\":\"search_term_string\"}}],\"inLanguage\":\"es\"},{\"@type\":\"Organization\",\"@id\":\"https:\\\/\\\/bornan.sport\\\/#organization\",\"name\":\"BORNAN - Sports Technology\",\"url\":\"https:\\\/\\\/bornan.sport\\\/\",\"logo\":{\"@type\":\"ImageObject\",\"inLanguage\":\"es\",\"@id\":\"https:\\\/\\\/bornan.sport\\\/#\\\/schema\\\/logo\\\/image\\\/\",\"url\":\"https:\\\/\\\/bornan.sport\\\/wp-content\\\/uploads\\\/2025\\\/04\\\/bornan-dark.png\",\"contentUrl\":\"https:\\\/\\\/bornan.sport\\\/wp-content\\\/uploads\\\/2025\\\/04\\\/bornan-dark.png\",\"width\":92,\"height\":64,\"caption\":\"BORNAN - Sports Technology\"},\"image\":{\"@id\":\"https:\\\/\\\/bornan.sport\\\/#\\\/schema\\\/logo\\\/image\\\/\"},\"sameAs\":[\"https:\\\/\\\/www.facebook.com\\\/bornansportstechnology\\\/\",\"https:\\\/\\\/x.com\\\/BornanSportsIT\",\"https:\\\/\\\/www.instagram.com\\\/bornansportstechnology\\\/\",\"https:\\\/\\\/www.linkedin.com\\\/company\\\/bornan\\\/\"]}]}<\/script>\n<!-- \/ Yoast SEO plugin. -->","yoast_head_json":{"title":"Aviso Legal - BORNAN - Tecnolog\u00eda Deportiva","robots":{"index":"index","follow":"follow","max-snippet":"max-snippet:-1","max-image-preview":"max-image-preview:large","max-video-preview":"max-video-preview:-1"},"canonical":"https:\/\/bornan.sport\/es\/aviso-legal\/","og_locale":"es_ES","og_type":"article","og_title":"Aviso Legal - BORNAN - Tecnolog\u00eda Deportiva","og_description":"Aviso Legal Gracias por visitarnos. Queremos que su experiencia en nuestro sitio web sea lo m\u00e1s positiva posible. Al acceder a nuestros servicios, usted declara ser mayor de edad y poseer la capacidad legal para actuar de conformidad con las leyes aplicables en su pa\u00eds de residencia. El acceso y la navegaci\u00f3n por este sitio [&hellip;]","og_url":"https:\/\/bornan.sport\/es\/aviso-legal\/","og_site_name":"BORNAN - Tecnolog\u00eda Deportiva","article_publisher":"https:\/\/www.facebook.com\/bornansportstechnology\/","article_modified_time":"2025-11-26T12:16:32+00:00","twitter_card":"summary_large_image","twitter_site":"@BornanSportsIT","twitter_misc":{"Tiempo de lectura":"9 minutos"},"schema":{"@context":"https:\/\/schema.org","@graph":[{"@type":"WebPage","@id":"https:\/\/bornan.sport\/es\/aviso-legal\/","url":"https:\/\/bornan.sport\/es\/aviso-legal\/","name":"Aviso Legal - BORNAN - Tecnolog\u00eda Deportiva","isPartOf":{"@id":"https:\/\/bornan.sport\/#website"},"datePublished":"2025-04-22T09:26:08+00:00","dateModified":"2025-11-26T12:16:32+00:00","breadcrumb":{"@id":"https:\/\/bornan.sport\/es\/aviso-legal\/#breadcrumb"},"inLanguage":"es","potentialAction":[{"@type":"ReadAction","target":["https:\/\/bornan.sport\/es\/aviso-legal\/"]}]},{"@type":"BreadcrumbList","@id":"https:\/\/bornan.sport\/es\/aviso-legal\/#breadcrumb","itemListElement":[{"@type":"ListItem","position":1,"name":"Home","item":"https:\/\/bornan.sport\/es\/inicio\/"},{"@type":"ListItem","position":2,"name":"Aviso Legal"}]},{"@type":"WebSite","@id":"https:\/\/bornan.sport\/#website","url":"https:\/\/bornan.sport\/","name":"BORNAN - Sports Technology","description":"","publisher":{"@id":"https:\/\/bornan.sport\/#organization"},"potentialAction":[{"@type":"SearchAction","target":{"@type":"EntryPoint","urlTemplate":"https:\/\/bornan.sport\/?s={search_term_string}"},"query-input":{"@type":"PropertyValueSpecification","valueRequired":true,"valueName":"search_term_string"}}],"inLanguage":"es"},{"@type":"Organization","@id":"https:\/\/bornan.sport\/#organization","name":"BORNAN - Sports Technology","url":"https:\/\/bornan.sport\/","logo":{"@type":"ImageObject","inLanguage":"es","@id":"https:\/\/bornan.sport\/#\/schema\/logo\/image\/","url":"https:\/\/bornan.sport\/wp-content\/uploads\/2025\/04\/bornan-dark.png","contentUrl":"https:\/\/bornan.sport\/wp-content\/uploads\/2025\/04\/bornan-dark.png","width":92,"height":64,"caption":"BORNAN - Sports Technology"},"image":{"@id":"https:\/\/bornan.sport\/#\/schema\/logo\/image\/"},"sameAs":["https:\/\/www.facebook.com\/bornansportstechnology\/","https:\/\/x.com\/BornanSportsIT","https:\/\/www.instagram.com\/bornansportstechnology\/","https:\/\/www.linkedin.com\/company\/bornan\/"]}]}},"_links":{"self":[{"href":"https:\/\/bornan.sport\/es\/wp-json\/wp\/v2\/pages\/9179","targetHints":{"allow":["GET"]}}],"collection":[{"href":"https:\/\/bornan.sport\/es\/wp-json\/wp\/v2\/pages"}],"about":[{"href":"https:\/\/bornan.sport\/es\/wp-json\/wp\/v2\/types\/page"}],"author":[{"embeddable":true,"href":"https:\/\/bornan.sport\/es\/wp-json\/wp\/v2\/users\/1"}],"replies":[{"embeddable":true,"href":"https:\/\/bornan.sport\/es\/wp-json\/wp\/v2\/comments?post=9179"}],"version-history":[{"count":2,"href":"https:\/\/bornan.sport\/es\/wp-json\/wp\/v2\/pages\/9179\/revisions"}],"predecessor-version":[{"id":9182,"href":"https:\/\/bornan.sport\/es\/wp-json\/wp\/v2\/pages\/9179\/revisions\/9182"}],"wp:attachment":[{"href":"https:\/\/bornan.sport\/es\/wp-json\/wp\/v2\/media?parent=9179"}],"curies":[{"name":"wp","href":"https:\/\/api.w.org\/{rel}","templated":true}]}}