{"id":9151,"date":"2025-04-22T09:25:03","date_gmt":"2025-04-22T09:25:03","guid":{"rendered":"https:\/\/bornan.sport\/politica-de-calidad\/"},"modified":"2025-11-26T12:16:22","modified_gmt":"2025-11-26T12:16:22","slug":"politica-de-calidad","status":"publish","type":"page","link":"https:\/\/bornan.sport\/es\/politica-de-calidad\/","title":{"rendered":"Pol\u00edtica de Calidad"},"content":{"rendered":"\t\t<div data-elementor-type=\"wp-page\" data-elementor-id=\"9151\" class=\"elementor elementor-9151 elementor-1284\" data-elementor-post-type=\"page\">\n\t\t\t\t<div class=\"elementor-element elementor-element-16ab4dd5 e-flex e-con-boxed e-con e-parent\" data-id=\"16ab4dd5\" data-element_type=\"container\" data-e-type=\"container\">\n\t\t\t\t\t<div class=\"e-con-inner\">\n\t\t\t\t<div class=\"elementor-element elementor-element-48152ad6 elementor-widget elementor-widget-spacer\" data-id=\"48152ad6\" data-element_type=\"widget\" data-e-type=\"widget\" data-widget_type=\"spacer.default\">\n\t\t\t\t\t\t\t<div class=\"elementor-spacer\">\n\t\t\t<div class=\"elementor-spacer-inner\"><\/div>\n\t\t<\/div>\n\t\t\t\t\t\t<\/div>\n\t\t<div class=\"elementor-element elementor-element-51e8befe e-con-full e-flex e-con e-child\" data-id=\"51e8befe\" data-element_type=\"container\" data-e-type=\"container\">\n\t\t\t\t<div class=\"elementor-element elementor-element-501ae09a elementor-widget elementor-widget-heading\" data-id=\"501ae09a\" data-element_type=\"widget\" data-e-type=\"widget\" data-widget_type=\"heading.default\">\n\t\t\t\t\t<h2 class=\"elementor-heading-title elementor-size-default\">Pol\u00edtica de Calidad<\/h2>\t\t\t\t<\/div>\n\t\t\t\t<\/div>\n\t\t\t\t\t<\/div>\n\t\t\t\t<\/div>\n\t\t<div class=\"elementor-element elementor-element-e4e1e2b e-flex e-con-boxed e-con e-parent\" data-id=\"e4e1e2b\" data-element_type=\"container\" data-e-type=\"container\">\n\t\t\t\t\t<div class=\"e-con-inner\">\n\t\t<div class=\"elementor-element elementor-element-8632344 e-con-full e-flex e-con e-child\" data-id=\"8632344\" data-element_type=\"container\" data-e-type=\"container\">\n\t\t\t\t<div class=\"elementor-element elementor-element-1ec52ef elementor-widget elementor-widget-text-editor\" data-id=\"1ec52ef\" data-element_type=\"widget\" data-e-type=\"widget\" data-widget_type=\"text-editor.default\">\n\t\t\t\t\t\t\t\t\t<p>La Direcci\u00f3n define y participa en la Pol\u00edtica de Calidad de BORNAN.<\/p>\n<p>BORNAN SPORTS TECHNOLOGY, S.L. es una empresa dedicada al Desarrollo de software para eventos deportivos y que tiene como objetivo fundamental la plena satisfacci\u00f3n de nuestros clientes como \u00fanica v\u00eda para garantizar la rentabilidad y continuidad de la empresa, persigue los siguientes objetivos generales:<\/p>\n<ul class=\"wp-block-list\">\n<li>Hacer de la prestaci\u00f3n de servicios de calidad un sello distintivo de nuestra empresa hacia sus clientes.<\/li>\n<li>Cumplir con la legislaci\u00f3n aplicable y los requisitos establecidos.<\/li>\n<li>Involucrar a todos los niveles y personal en el Sistema de Calidad, mediante la motivaci\u00f3n, comunicaci\u00f3n y formaci\u00f3n.<\/li>\n<li>Llevar a cabo una mejora continua del Sistema de Calidad, implementando todas las medidas necesarias para alcanzar nuestros objetivos.<\/li>\n<\/ul>\n<p>Todo el personal de esta empresa es consciente de la importancia de su trabajo para lograr estos objetivos, que se establecen en nuestro Sistema de Calidad, el cual se declara de obligado cumplimiento.<\/p>\n<p>Madrid, 29 de abril de 2021<\/p>\n<p>Director Ejecutivo<\/p>\t\t\t\t\t\t\t\t<\/div>\n\t\t\t\t<\/div>\n\t\t\t\t\t<\/div>\n\t\t\t\t<\/div>\n\t\t\t\t<\/div>\n\t\t","protected":false},"excerpt":{"rendered":"<p>La Direcci\u00f3n define y participa en la Pol\u00edtica de Calidad de BORNAN. BORNAN SPORTS TECHNOLOGY, S.L. es una empresa dedicada al Desarrollo de software para eventos deportivos y que tiene como objetivo fundamental la plena satisfacci\u00f3n de nuestros clientes como \u00fanica v\u00eda para garantizar la rentabilidad y continuidad de la empresa, persigue los siguientes objetivos [&hellip;]<\/p>\n","protected":false},"author":1,"featured_media":0,"parent":0,"menu_order":0,"comment_status":"closed","ping_status":"closed","template":"","meta":{"footnotes":""},"class_list":["post-9151","page","type-page","status-publish","hentry"],"yoast_head":"<!-- This site is optimized with the Yoast SEO plugin v27.4 - https:\/\/yoast.com\/product\/yoast-seo-wordpress\/ -->\n<title>Pol\u00edtica de Calidad - BORNAN - Tecnolog\u00eda Deportiva<\/title>\n<meta name=\"robots\" content=\"index, follow, max-snippet:-1, max-image-preview:large, max-video-preview:-1\" \/>\n<link rel=\"canonical\" href=\"https:\/\/bornan.sport\/es\/politica-de-calidad\/\" \/>\n<meta property=\"og:locale\" content=\"es_ES\" \/>\n<meta property=\"og:type\" content=\"article\" \/>\n<meta property=\"og:title\" content=\"Pol\u00edtica de Calidad - BORNAN - Tecnolog\u00eda Deportiva\" \/>\n<meta property=\"og:description\" content=\"La Direcci\u00f3n define y participa en la Pol\u00edtica de Calidad de BORNAN. BORNAN SPORTS TECHNOLOGY, S.L. es una empresa dedicada al Desarrollo de software para eventos deportivos y que tiene como objetivo fundamental la plena satisfacci\u00f3n de nuestros clientes como \u00fanica v\u00eda para garantizar la rentabilidad y continuidad de la empresa, persigue los siguientes objetivos [&hellip;]\" \/>\n<meta property=\"og:url\" content=\"https:\/\/bornan.sport\/es\/politica-de-calidad\/\" \/>\n<meta property=\"og:site_name\" content=\"BORNAN - Tecnolog\u00eda Deportiva\" \/>\n<meta property=\"article:publisher\" content=\"https:\/\/www.facebook.com\/bornansportstechnology\/\" \/>\n<meta property=\"article:modified_time\" content=\"2025-11-26T12:16:22+00:00\" \/>\n<meta name=\"twitter:card\" content=\"summary_large_image\" \/>\n<meta name=\"twitter:site\" content=\"@BornanSportsIT\" \/>\n<meta name=\"twitter:label1\" content=\"Tiempo de lectura\" \/>\n\t<meta name=\"twitter:data1\" content=\"1 minuto\" \/>\n<script type=\"application\/ld+json\" class=\"yoast-schema-graph\">{\"@context\":\"https:\\\/\\\/schema.org\",\"@graph\":[{\"@type\":\"WebPage\",\"@id\":\"https:\\\/\\\/bornan.sport\\\/es\\\/politica-de-calidad\\\/\",\"url\":\"https:\\\/\\\/bornan.sport\\\/es\\\/politica-de-calidad\\\/\",\"name\":\"Pol\u00edtica de Calidad - BORNAN - Tecnolog\u00eda Deportiva\",\"isPartOf\":{\"@id\":\"https:\\\/\\\/bornan.sport\\\/#website\"},\"datePublished\":\"2025-04-22T09:25:03+00:00\",\"dateModified\":\"2025-11-26T12:16:22+00:00\",\"breadcrumb\":{\"@id\":\"https:\\\/\\\/bornan.sport\\\/es\\\/politica-de-calidad\\\/#breadcrumb\"},\"inLanguage\":\"es\",\"potentialAction\":[{\"@type\":\"ReadAction\",\"target\":[\"https:\\\/\\\/bornan.sport\\\/es\\\/politica-de-calidad\\\/\"]}]},{\"@type\":\"BreadcrumbList\",\"@id\":\"https:\\\/\\\/bornan.sport\\\/es\\\/politica-de-calidad\\\/#breadcrumb\",\"itemListElement\":[{\"@type\":\"ListItem\",\"position\":1,\"name\":\"Home\",\"item\":\"https:\\\/\\\/bornan.sport\\\/es\\\/inicio\\\/\"},{\"@type\":\"ListItem\",\"position\":2,\"name\":\"Pol\u00edtica de Calidad\"}]},{\"@type\":\"WebSite\",\"@id\":\"https:\\\/\\\/bornan.sport\\\/#website\",\"url\":\"https:\\\/\\\/bornan.sport\\\/\",\"name\":\"BORNAN - Sports Technology\",\"description\":\"\",\"publisher\":{\"@id\":\"https:\\\/\\\/bornan.sport\\\/#organization\"},\"potentialAction\":[{\"@type\":\"SearchAction\",\"target\":{\"@type\":\"EntryPoint\",\"urlTemplate\":\"https:\\\/\\\/bornan.sport\\\/?s={search_term_string}\"},\"query-input\":{\"@type\":\"PropertyValueSpecification\",\"valueRequired\":true,\"valueName\":\"search_term_string\"}}],\"inLanguage\":\"es\"},{\"@type\":\"Organization\",\"@id\":\"https:\\\/\\\/bornan.sport\\\/#organization\",\"name\":\"BORNAN - Sports Technology\",\"url\":\"https:\\\/\\\/bornan.sport\\\/\",\"logo\":{\"@type\":\"ImageObject\",\"inLanguage\":\"es\",\"@id\":\"https:\\\/\\\/bornan.sport\\\/#\\\/schema\\\/logo\\\/image\\\/\",\"url\":\"https:\\\/\\\/bornan.sport\\\/wp-content\\\/uploads\\\/2025\\\/04\\\/bornan-dark.png\",\"contentUrl\":\"https:\\\/\\\/bornan.sport\\\/wp-content\\\/uploads\\\/2025\\\/04\\\/bornan-dark.png\",\"width\":92,\"height\":64,\"caption\":\"BORNAN - Sports Technology\"},\"image\":{\"@id\":\"https:\\\/\\\/bornan.sport\\\/#\\\/schema\\\/logo\\\/image\\\/\"},\"sameAs\":[\"https:\\\/\\\/www.facebook.com\\\/bornansportstechnology\\\/\",\"https:\\\/\\\/x.com\\\/BornanSportsIT\",\"https:\\\/\\\/www.instagram.com\\\/bornansportstechnology\\\/\",\"https:\\\/\\\/www.linkedin.com\\\/company\\\/bornan\\\/\"]}]}<\/script>\n<!-- \/ Yoast SEO plugin. -->","yoast_head_json":{"title":"Pol\u00edtica de Calidad - BORNAN - Tecnolog\u00eda Deportiva","robots":{"index":"index","follow":"follow","max-snippet":"max-snippet:-1","max-image-preview":"max-image-preview:large","max-video-preview":"max-video-preview:-1"},"canonical":"https:\/\/bornan.sport\/es\/politica-de-calidad\/","og_locale":"es_ES","og_type":"article","og_title":"Pol\u00edtica de Calidad - BORNAN - Tecnolog\u00eda Deportiva","og_description":"La Direcci\u00f3n define y participa en la Pol\u00edtica de Calidad de BORNAN. BORNAN SPORTS TECHNOLOGY, S.L. es una empresa dedicada al Desarrollo de software para eventos deportivos y que tiene como objetivo fundamental la plena satisfacci\u00f3n de nuestros clientes como \u00fanica v\u00eda para garantizar la rentabilidad y continuidad de la empresa, persigue los siguientes objetivos [&hellip;]","og_url":"https:\/\/bornan.sport\/es\/politica-de-calidad\/","og_site_name":"BORNAN - Tecnolog\u00eda Deportiva","article_publisher":"https:\/\/www.facebook.com\/bornansportstechnology\/","article_modified_time":"2025-11-26T12:16:22+00:00","twitter_card":"summary_large_image","twitter_site":"@BornanSportsIT","twitter_misc":{"Tiempo de lectura":"1 minuto"},"schema":{"@context":"https:\/\/schema.org","@graph":[{"@type":"WebPage","@id":"https:\/\/bornan.sport\/es\/politica-de-calidad\/","url":"https:\/\/bornan.sport\/es\/politica-de-calidad\/","name":"Pol\u00edtica de Calidad - BORNAN - Tecnolog\u00eda Deportiva","isPartOf":{"@id":"https:\/\/bornan.sport\/#website"},"datePublished":"2025-04-22T09:25:03+00:00","dateModified":"2025-11-26T12:16:22+00:00","breadcrumb":{"@id":"https:\/\/bornan.sport\/es\/politica-de-calidad\/#breadcrumb"},"inLanguage":"es","potentialAction":[{"@type":"ReadAction","target":["https:\/\/bornan.sport\/es\/politica-de-calidad\/"]}]},{"@type":"BreadcrumbList","@id":"https:\/\/bornan.sport\/es\/politica-de-calidad\/#breadcrumb","itemListElement":[{"@type":"ListItem","position":1,"name":"Home","item":"https:\/\/bornan.sport\/es\/inicio\/"},{"@type":"ListItem","position":2,"name":"Pol\u00edtica de Calidad"}]},{"@type":"WebSite","@id":"https:\/\/bornan.sport\/#website","url":"https:\/\/bornan.sport\/","name":"BORNAN - Sports Technology","description":"","publisher":{"@id":"https:\/\/bornan.sport\/#organization"},"potentialAction":[{"@type":"SearchAction","target":{"@type":"EntryPoint","urlTemplate":"https:\/\/bornan.sport\/?s={search_term_string}"},"query-input":{"@type":"PropertyValueSpecification","valueRequired":true,"valueName":"search_term_string"}}],"inLanguage":"es"},{"@type":"Organization","@id":"https:\/\/bornan.sport\/#organization","name":"BORNAN - Sports Technology","url":"https:\/\/bornan.sport\/","logo":{"@type":"ImageObject","inLanguage":"es","@id":"https:\/\/bornan.sport\/#\/schema\/logo\/image\/","url":"https:\/\/bornan.sport\/wp-content\/uploads\/2025\/04\/bornan-dark.png","contentUrl":"https:\/\/bornan.sport\/wp-content\/uploads\/2025\/04\/bornan-dark.png","width":92,"height":64,"caption":"BORNAN - Sports Technology"},"image":{"@id":"https:\/\/bornan.sport\/#\/schema\/logo\/image\/"},"sameAs":["https:\/\/www.facebook.com\/bornansportstechnology\/","https:\/\/x.com\/BornanSportsIT","https:\/\/www.instagram.com\/bornansportstechnology\/","https:\/\/www.linkedin.com\/company\/bornan\/"]}]}},"_links":{"self":[{"href":"https:\/\/bornan.sport\/es\/wp-json\/wp\/v2\/pages\/9151","targetHints":{"allow":["GET"]}}],"collection":[{"href":"https:\/\/bornan.sport\/es\/wp-json\/wp\/v2\/pages"}],"about":[{"href":"https:\/\/bornan.sport\/es\/wp-json\/wp\/v2\/types\/page"}],"author":[{"embeddable":true,"href":"https:\/\/bornan.sport\/es\/wp-json\/wp\/v2\/users\/1"}],"replies":[{"embeddable":true,"href":"https:\/\/bornan.sport\/es\/wp-json\/wp\/v2\/comments?post=9151"}],"version-history":[{"count":2,"href":"https:\/\/bornan.sport\/es\/wp-json\/wp\/v2\/pages\/9151\/revisions"}],"predecessor-version":[{"id":9159,"href":"https:\/\/bornan.sport\/es\/wp-json\/wp\/v2\/pages\/9151\/revisions\/9159"}],"wp:attachment":[{"href":"https:\/\/bornan.sport\/es\/wp-json\/wp\/v2\/media?parent=9151"}],"curies":[{"name":"wp","href":"https:\/\/api.w.org\/{rel}","templated":true}]}}